{"id":10069,"date":"2021-08-02T14:04:32","date_gmt":"2021-08-02T14:04:32","guid":{"rendered":"https:\/\/addicted-to.com\/?post_type=product&#038;p=10069"},"modified":"2024-06-01T12:01:39","modified_gmt":"2024-06-01T12:01:39","slug":"weihrauchseife-100g","status":"publish","type":"product","link":"https:\/\/addicted-to.com\/de\/product\/weihrauchseife-100g\/","title":{"rendered":"Weihrauchseife \u2013 100 g"},"content":{"rendered":"<div class=\"et_pb_module et_pb_text et_pb_text_4 et_pb_text_align_left et_pb_bg_layout_light\">\n<div class=\"et_pb_text_inner\">\n<p class=\"p1\"><b>Was unsere Seifen so besonders macht:<\/b>\u00a0Unsere Seifen werden nach einem alten Familienrezept aus der \u00e4ltesten Seifenfabrik \u00d6sterreichs (1777) handgefertigt. Es werden nur hochwertige \u00d6le und Duftstoffe verwendet. Durch dieses schonende Herstellungsverfahren bleibt das bei der Verseifung entstehende nat\u00fcrliche Glycerin erhalten. Unsere Kaltverarbeitungsseifen zeichnen sich durch einen sanften, hautfreundlichen Seifenschaum aus. Au\u00dferdem sind unsere Seifen frei von Konservierungsstoffen.<\/p>\n<\/div>\n<\/div>\n<p><strong>Zutaten:<\/strong> Natrium-\/Kaliumcocoat, Natrium-\/Kaliumpalmat, Wasser, Boswellia sacra, Natrium-\/Kaliumolivat, Glycerin, Limonen, Linalool, Geraniol.<\/p>","protected":false},"excerpt":{"rendered":"<p>Diese kostbare Weihrauchseife entfaltet ihren Duft und ihre Wirkung erst bei der Anwendung in vollem Umfang. Sie enth\u00e4lt nur echten, gemahlenen und nat\u00fcrlichen Weihrauch. Diese Seife ist etwas ganz Besonderes: Sie reinigt nicht nur, sondern besitzt auch die positiven Eigenschaften von sanftem Rauch und desinfiziert.<\/p>\n<p>Mit echtem Weihrauch<\/p>\n<p>Menge: 100g<\/p>","protected":false},"featured_media":10127,"comment_status":"closed","ping_status":"closed","template":"","meta":[],"product_brand":[],"product_cat":[15,1673,1625],"product_tag":[],"class_list":{"0":"post-10069","1":"product","2":"type-product","3":"status-publish","4":"has-post-thumbnail","6":"product_cat-all-products","7":"product_cat-cosmetici","8":"product_cat-soaps","9":"product_shipping_class-small","11":"first","12":"instock","13":"shipping-taxable","14":"purchasable","15":"product-type-simple"},"yoast_head":"<!-- This site is optimized with the Yoast SEO plugin v26.9 - https:\/\/yoast.com\/product\/yoast-seo-wordpress\/ -->\n<title>Sapone all&#039;incenso - 100 g - Addicted To Nature<\/title>\n<meta name=\"robots\" content=\"index, follow, max-snippet:-1, max-image-preview:large, max-video-preview:-1\" \/>\n<link rel=\"canonical\" href=\"https:\/\/addicted-to.com\/de\/product\/weihrauchseife-100g\/\" \/>\n<meta property=\"og:locale\" content=\"de_DE\" \/>\n<meta property=\"og:type\" content=\"article\" \/>\n<meta property=\"og:title\" content=\"Sapone all&#039;incenso - 100 g - Addicted To Nature\" \/>\n<meta property=\"og:description\" content=\"This precious frankincense soap unfolds its fragrance and effect in its entirety only upon use. It contains only real, ground and natural frankincense. This soap is something very special: it not only cleanses, but also possesses the positive properties of soft smoke and disinfects.  With real incense  Quantity: 100g\" \/>\n<meta property=\"og:url\" content=\"https:\/\/addicted-to.com\/de\/product\/weihrauchseife-100g\/\" \/>\n<meta property=\"og:site_name\" content=\"Addicted To Nature\" \/>\n<meta property=\"article:publisher\" content=\"https:\/\/www.facebook.com\/addictedtoofficial\" \/>\n<meta property=\"article:modified_time\" content=\"2024-06-01T12:01:39+00:00\" \/>\n<meta property=\"og:image\" content=\"https:\/\/addicted-to.com\/wp-content\/uploads\/2021\/08\/addicted-to-nature-soaps-products.jpg\" \/>\n\t<meta property=\"og:image:width\" content=\"1000\" \/>\n\t<meta property=\"og:image:height\" content=\"1000\" \/>\n\t<meta property=\"og:image:type\" content=\"image\/jpeg\" \/>\n<meta name=\"twitter:card\" content=\"summary_large_image\" \/>\n<meta name=\"twitter:site\" content=\"@addicted2bamboo\" \/>\n<meta name=\"twitter:label1\" content=\"Gesch\u00e4tzte Lesezeit\" \/>\n\t<meta name=\"twitter:data1\" content=\"1\u00a0Minute\" \/>\n<script type=\"application\/ld+json\" class=\"yoast-schema-graph\">{\"@context\":\"https:\/\/schema.org\",\"@graph\":[{\"@type\":\"WebPage\",\"@id\":\"https:\/\/addicted-to.com\/product\/sapone-all-incenso-100-g\/\",\"url\":\"https:\/\/addicted-to.com\/product\/sapone-all-incenso-100-g\/\",\"name\":\"Sapone all'incenso - 100 g - Addicted To Nature\",\"isPartOf\":{\"@id\":\"https:\/\/addicted-to.com\/it\/#website\"},\"primaryImageOfPage\":{\"@id\":\"https:\/\/addicted-to.com\/product\/sapone-all-incenso-100-g\/#primaryimage\"},\"image\":{\"@id\":\"https:\/\/addicted-to.com\/product\/sapone-all-incenso-100-g\/#primaryimage\"},\"thumbnailUrl\":\"https:\/\/addicted-to.com\/wp-content\/uploads\/2021\/08\/addicted-to-nature-soaps-products.jpg\",\"datePublished\":\"2021-08-02T14:04:32+00:00\",\"dateModified\":\"2024-06-01T12:01:39+00:00\",\"breadcrumb\":{\"@id\":\"https:\/\/addicted-to.com\/product\/sapone-all-incenso-100-g\/#breadcrumb\"},\"inLanguage\":\"de\",\"potentialAction\":[{\"@type\":\"ReadAction\",\"target\":[\"https:\/\/addicted-to.com\/product\/sapone-all-incenso-100-g\/\"]}]},{\"@type\":\"ImageObject\",\"inLanguage\":\"de\",\"@id\":\"https:\/\/addicted-to.com\/product\/sapone-all-incenso-100-g\/#primaryimage\",\"url\":\"https:\/\/addicted-to.com\/wp-content\/uploads\/2021\/08\/addicted-to-nature-soaps-products.jpg\",\"contentUrl\":\"https:\/\/addicted-to.com\/wp-content\/uploads\/2021\/08\/addicted-to-nature-soaps-products.jpg\",\"width\":1000,\"height\":1000},{\"@type\":\"BreadcrumbList\",\"@id\":\"https:\/\/addicted-to.com\/product\/sapone-all-incenso-100-g\/#breadcrumb\",\"itemListElement\":[{\"@type\":\"ListItem\",\"position\":1,\"name\":\"Startseite\",\"item\":\"https:\/\/addicted-to.com\/\"},{\"@type\":\"ListItem\",\"position\":2,\"name\":\"Produkte\",\"item\":\"https:\/\/addicted-to.com\/de\/shop-old__trashed\/\"},{\"@type\":\"ListItem\",\"position\":3,\"name\":\"Sapone all&#8217;incenso &#8211; 100 g\"}]},{\"@type\":\"WebSite\",\"@id\":\"https:\/\/addicted-to.com\/it\/#website\",\"url\":\"https:\/\/addicted-to.com\/it\/\",\"name\":\"Addicted To Nature\",\"description\":\"La community di chi vive, rispetta e custodisce la Natura\",\"publisher\":{\"@id\":\"https:\/\/addicted-to.com\/it\/#organization\"},\"potentialAction\":[{\"@type\":\"SearchAction\",\"target\":{\"@type\":\"EntryPoint\",\"urlTemplate\":\"https:\/\/addicted-to.com\/it\/?s={search_term_string}\"},\"query-input\":{\"@type\":\"PropertyValueSpecification\",\"valueRequired\":true,\"valueName\":\"search_term_string\"}}],\"inLanguage\":\"de\"},{\"@type\":\"Organization\",\"@id\":\"https:\/\/addicted-to.com\/it\/#organization\",\"name\":\"Addicted To Nature\",\"url\":\"https:\/\/addicted-to.com\/it\/\",\"logo\":{\"@type\":\"ImageObject\",\"inLanguage\":\"de\",\"@id\":\"https:\/\/addicted-to.com\/it\/#\/schema\/logo\/image\/\",\"url\":\"https:\/\/addicted-to.com\/wp-content\/uploads\/2024\/03\/ATN_marchio_positivo.svg\",\"contentUrl\":\"https:\/\/addicted-to.com\/wp-content\/uploads\/2024\/03\/ATN_marchio_positivo.svg\",\"width\":1000,\"height\":290,\"caption\":\"Addicted To Nature\"},\"image\":{\"@id\":\"https:\/\/addicted-to.com\/it\/#\/schema\/logo\/image\/\"},\"sameAs\":[\"https:\/\/www.facebook.com\/addictedtoofficial\",\"https:\/\/x.com\/addicted2bamboo\"]}]}<\/script>\n<!-- \/ Yoast SEO plugin. -->","yoast_head_json":{"title":"Weihrauchseife - 100 g - Addicted To Nature","robots":{"index":"index","follow":"follow","max-snippet":"max-snippet:-1","max-image-preview":"max-image-preview:large","max-video-preview":"max-video-preview:-1"},"canonical":"https:\/\/addicted-to.com\/de\/product\/weihrauchseife-100g\/","og_locale":"de_DE","og_type":"article","og_title":"Sapone all'incenso - 100 g - Addicted To Nature","og_description":"This precious frankincense soap unfolds its fragrance and effect in its entirety only upon use. It contains only real, ground and natural frankincense. This soap is something very special: it not only cleanses, but also possesses the positive properties of soft smoke and disinfects.  With real incense  Quantity: 100g","og_url":"https:\/\/addicted-to.com\/de\/product\/weihrauchseife-100g\/","og_site_name":"Addicted To Nature","article_publisher":"https:\/\/www.facebook.com\/addictedtoofficial","article_modified_time":"2024-06-01T12:01:39+00:00","og_image":[{"width":1000,"height":1000,"url":"https:\/\/addicted-to.com\/wp-content\/uploads\/2021\/08\/addicted-to-nature-soaps-products.jpg","type":"image\/jpeg"}],"twitter_card":"summary_large_image","twitter_site":"@addicted2bamboo","twitter_misc":{"Gesch\u00e4tzte Lesezeit":"1\u00a0Minute"},"schema":{"@context":"https:\/\/schema.org","@graph":[{"@type":"WebPage","@id":"https:\/\/addicted-to.com\/product\/sapone-all-incenso-100-g\/","url":"https:\/\/addicted-to.com\/product\/sapone-all-incenso-100-g\/","name":"Weihrauchseife - 100 g - Addicted To Nature","isPartOf":{"@id":"https:\/\/addicted-to.com\/it\/#website"},"primaryImageOfPage":{"@id":"https:\/\/addicted-to.com\/product\/sapone-all-incenso-100-g\/#primaryimage"},"image":{"@id":"https:\/\/addicted-to.com\/product\/sapone-all-incenso-100-g\/#primaryimage"},"thumbnailUrl":"https:\/\/addicted-to.com\/wp-content\/uploads\/2021\/08\/addicted-to-nature-soaps-products.jpg","datePublished":"2021-08-02T14:04:32+00:00","dateModified":"2024-06-01T12:01:39+00:00","breadcrumb":{"@id":"https:\/\/addicted-to.com\/product\/sapone-all-incenso-100-g\/#breadcrumb"},"inLanguage":"de","potentialAction":[{"@type":"ReadAction","target":["https:\/\/addicted-to.com\/product\/sapone-all-incenso-100-g\/"]}]},{"@type":"ImageObject","inLanguage":"de","@id":"https:\/\/addicted-to.com\/product\/sapone-all-incenso-100-g\/#primaryimage","url":"https:\/\/addicted-to.com\/wp-content\/uploads\/2021\/08\/addicted-to-nature-soaps-products.jpg","contentUrl":"https:\/\/addicted-to.com\/wp-content\/uploads\/2021\/08\/addicted-to-nature-soaps-products.jpg","width":1000,"height":1000},{"@type":"BreadcrumbList","@id":"https:\/\/addicted-to.com\/product\/sapone-all-incenso-100-g\/#breadcrumb","itemListElement":[{"@type":"ListItem","position":1,"name":"Startseite","item":"https:\/\/addicted-to.com\/"},{"@type":"ListItem","position":2,"name":"Produkte","item":"https:\/\/addicted-to.com\/de\/shop-old__trashed\/"},{"@type":"ListItem","position":3,"name":"Sapone all&#8217;incenso &#8211; 100 g"}]},{"@type":"WebSite","@id":"https:\/\/addicted-to.com\/it\/#website","url":"https:\/\/addicted-to.com\/it\/","name":"Addicted To Nature","description":"Die Gemeinschaft der Menschen, die die Natur leben, achten und sch\u00fctzen.","publisher":{"@id":"https:\/\/addicted-to.com\/it\/#organization"},"potentialAction":[{"@type":"SearchAction","target":{"@type":"EntryPoint","urlTemplate":"https:\/\/addicted-to.com\/it\/?s={search_term_string}"},"query-input":{"@type":"PropertyValueSpecification","valueRequired":true,"valueName":"search_term_string"}}],"inLanguage":"de"},{"@type":"Organization","@id":"https:\/\/addicted-to.com\/it\/#organization","name":"Addicted To Nature","url":"https:\/\/addicted-to.com\/it\/","logo":{"@type":"ImageObject","inLanguage":"de","@id":"https:\/\/addicted-to.com\/it\/#\/schema\/logo\/image\/","url":"https:\/\/addicted-to.com\/wp-content\/uploads\/2024\/03\/ATN_marchio_positivo.svg","contentUrl":"https:\/\/addicted-to.com\/wp-content\/uploads\/2024\/03\/ATN_marchio_positivo.svg","width":1000,"height":290,"caption":"Addicted To Nature"},"image":{"@id":"https:\/\/addicted-to.com\/it\/#\/schema\/logo\/image\/"},"sameAs":["https:\/\/www.facebook.com\/addictedtoofficial","https:\/\/x.com\/addicted2bamboo"]}]}},"_links":{"self":[{"href":"https:\/\/addicted-to.com\/de\/wp-json\/wp\/v2\/product\/10069","targetHints":{"allow":["GET"]}}],"collection":[{"href":"https:\/\/addicted-to.com\/de\/wp-json\/wp\/v2\/product"}],"about":[{"href":"https:\/\/addicted-to.com\/de\/wp-json\/wp\/v2\/types\/product"}],"replies":[{"embeddable":true,"href":"https:\/\/addicted-to.com\/de\/wp-json\/wp\/v2\/comments?post=10069"}],"wp:featuredmedia":[{"embeddable":true,"href":"https:\/\/addicted-to.com\/de\/wp-json\/wp\/v2\/media\/10127"}],"wp:attachment":[{"href":"https:\/\/addicted-to.com\/de\/wp-json\/wp\/v2\/media?parent=10069"}],"wp:term":[{"taxonomy":"product_brand","embeddable":true,"href":"https:\/\/addicted-to.com\/de\/wp-json\/wp\/v2\/product_brand?post=10069"},{"taxonomy":"product_cat","embeddable":true,"href":"https:\/\/addicted-to.com\/de\/wp-json\/wp\/v2\/product_cat?post=10069"},{"taxonomy":"product_tag","embeddable":true,"href":"https:\/\/addicted-to.com\/de\/wp-json\/wp\/v2\/product_tag?post=10069"}],"curies":[{"name":"wp","href":"https:\/\/api.w.org\/{rel}","templated":true}]}}