{"id":10206,"date":"2022-08-13T13:29:43","date_gmt":"2022-08-13T13:29:43","guid":{"rendered":"https:\/\/addicted-to.com\/?post_type=product&#038;p=10206"},"modified":"2024-05-25T09:29:57","modified_gmt":"2024-05-25T09:29:57","slug":"baumwollrucksack-blattgruen","status":"publish","type":"product","link":"https:\/\/addicted-to.com\/de\/product\/baumwollrucksack-blattgruen\/","title":{"rendered":"Kordelzugbeutel &#8211; Blattgr\u00fcn"},"content":{"rendered":"<p>Suchst du eine kleine, schicke Tasche f\u00fcr deinen n\u00e4chsten Strandtag oder Outdoor-Aktivit\u00e4t?<\/p>\n<p>Diese Tasche aus 100%-Baumwolle eignet sich perfekt f\u00fcr den Transport deiner wichtigsten Utensilien und sieht dabei auch noch schick aus. Ob du zum Strand oder in den Park gehst, diese Tasche ist eine gro\u00dfartige Option, um deine Sachen einfach zu transportieren.<\/p>","protected":false},"excerpt":{"rendered":"<p>Material: 100% Baumwolle<\/p>\n<p>Farbe: blattgr\u00fcn<\/p>\n<p>Klimaneutral, zertifizierte Bio-Baumwolle und fair-wear.<\/p>","protected":false},"featured_media":10207,"comment_status":"closed","ping_status":"closed","template":"","meta":[],"product_brand":[],"product_cat":[15,1674],"product_tag":[],"class_list":{"0":"post-10206","1":"product","2":"type-product","3":"status-publish","4":"has-post-thumbnail","6":"product_cat-all-products","7":"product_cat-accessori","8":"product_shipping_class-small","10":"first","11":"instock","12":"shipping-taxable","13":"purchasable","14":"product-type-simple"},"yoast_head":"<!-- This site is optimized with the Yoast SEO plugin v26.9 - https:\/\/yoast.com\/product\/yoast-seo-wordpress\/ -->\n<title>Borsa con coulisse - Verde foglia - Addicted To Nature<\/title>\n<meta name=\"robots\" content=\"index, follow, max-snippet:-1, max-image-preview:large, max-video-preview:-1\" \/>\n<link rel=\"canonical\" href=\"https:\/\/addicted-to.com\/de\/product\/baumwollrucksack-blattgruen\/\" \/>\n<meta property=\"og:locale\" content=\"de_DE\" \/>\n<meta property=\"og:type\" content=\"article\" \/>\n<meta property=\"og:title\" content=\"Borsa con coulisse - Verde foglia - Addicted To Nature\" \/>\n<meta property=\"og:description\" content=\"Materiale: 100% cotone  Colore: verde foglia  Clima neutro, cotone biologico certificato e fair wear.\" \/>\n<meta property=\"og:url\" content=\"https:\/\/addicted-to.com\/de\/product\/baumwollrucksack-blattgruen\/\" \/>\n<meta property=\"og:site_name\" content=\"Addicted To Nature\" \/>\n<meta property=\"article:publisher\" content=\"https:\/\/www.facebook.com\/addictedtoofficial\" \/>\n<meta property=\"article:modified_time\" content=\"2024-05-25T09:29:57+00:00\" \/>\n<meta property=\"og:image\" content=\"https:\/\/addicted-to.com\/wp-content\/uploads\/2022\/08\/drawstring-bag-leaf-green-cotton.jpg\" \/>\n\t<meta property=\"og:image:width\" content=\"1000\" \/>\n\t<meta property=\"og:image:height\" content=\"1000\" \/>\n\t<meta property=\"og:image:type\" content=\"image\/jpeg\" \/>\n<meta name=\"twitter:card\" content=\"summary_large_image\" \/>\n<meta name=\"twitter:site\" content=\"@addicted2bamboo\" \/>\n<meta name=\"twitter:label1\" content=\"Gesch\u00e4tzte Lesezeit\" \/>\n\t<meta name=\"twitter:data1\" content=\"1\u00a0Minute\" \/>\n<script type=\"application\/ld+json\" class=\"yoast-schema-graph\">{\"@context\":\"https:\/\/schema.org\",\"@graph\":[{\"@type\":\"WebPage\",\"@id\":\"https:\/\/addicted-to.com\/product\/borsa-con-coulisse-verde-foglia\/\",\"url\":\"https:\/\/addicted-to.com\/product\/borsa-con-coulisse-verde-foglia\/\",\"name\":\"Borsa con coulisse - Verde foglia - Addicted To Nature\",\"isPartOf\":{\"@id\":\"https:\/\/addicted-to.com\/it\/#website\"},\"primaryImageOfPage\":{\"@id\":\"https:\/\/addicted-to.com\/product\/borsa-con-coulisse-verde-foglia\/#primaryimage\"},\"image\":{\"@id\":\"https:\/\/addicted-to.com\/product\/borsa-con-coulisse-verde-foglia\/#primaryimage\"},\"thumbnailUrl\":\"https:\/\/addicted-to.com\/wp-content\/uploads\/2022\/08\/drawstring-bag-leaf-green-cotton.jpg\",\"datePublished\":\"2022-08-13T13:29:43+00:00\",\"dateModified\":\"2024-05-25T09:29:57+00:00\",\"breadcrumb\":{\"@id\":\"https:\/\/addicted-to.com\/product\/borsa-con-coulisse-verde-foglia\/#breadcrumb\"},\"inLanguage\":\"de\",\"potentialAction\":[{\"@type\":\"ReadAction\",\"target\":[\"https:\/\/addicted-to.com\/product\/borsa-con-coulisse-verde-foglia\/\"]}]},{\"@type\":\"ImageObject\",\"inLanguage\":\"de\",\"@id\":\"https:\/\/addicted-to.com\/product\/borsa-con-coulisse-verde-foglia\/#primaryimage\",\"url\":\"https:\/\/addicted-to.com\/wp-content\/uploads\/2022\/08\/drawstring-bag-leaf-green-cotton.jpg\",\"contentUrl\":\"https:\/\/addicted-to.com\/wp-content\/uploads\/2022\/08\/drawstring-bag-leaf-green-cotton.jpg\",\"width\":1000,\"height\":1000},{\"@type\":\"BreadcrumbList\",\"@id\":\"https:\/\/addicted-to.com\/product\/borsa-con-coulisse-verde-foglia\/#breadcrumb\",\"itemListElement\":[{\"@type\":\"ListItem\",\"position\":1,\"name\":\"Startseite\",\"item\":\"https:\/\/addicted-to.com\/\"},{\"@type\":\"ListItem\",\"position\":2,\"name\":\"Produkte\",\"item\":\"https:\/\/addicted-to.com\/de\/shop-old__trashed\/\"},{\"@type\":\"ListItem\",\"position\":3,\"name\":\"Borsa con coulisse &#8211; Verde foglia\"}]},{\"@type\":\"WebSite\",\"@id\":\"https:\/\/addicted-to.com\/it\/#website\",\"url\":\"https:\/\/addicted-to.com\/it\/\",\"name\":\"Addicted To Nature\",\"description\":\"La community di chi vive, rispetta e custodisce la Natura\",\"publisher\":{\"@id\":\"https:\/\/addicted-to.com\/it\/#organization\"},\"potentialAction\":[{\"@type\":\"SearchAction\",\"target\":{\"@type\":\"EntryPoint\",\"urlTemplate\":\"https:\/\/addicted-to.com\/it\/?s={search_term_string}\"},\"query-input\":{\"@type\":\"PropertyValueSpecification\",\"valueRequired\":true,\"valueName\":\"search_term_string\"}}],\"inLanguage\":\"de\"},{\"@type\":\"Organization\",\"@id\":\"https:\/\/addicted-to.com\/it\/#organization\",\"name\":\"Addicted To Nature\",\"url\":\"https:\/\/addicted-to.com\/it\/\",\"logo\":{\"@type\":\"ImageObject\",\"inLanguage\":\"de\",\"@id\":\"https:\/\/addicted-to.com\/it\/#\/schema\/logo\/image\/\",\"url\":\"https:\/\/addicted-to.com\/wp-content\/uploads\/2024\/03\/ATN_marchio_positivo.svg\",\"contentUrl\":\"https:\/\/addicted-to.com\/wp-content\/uploads\/2024\/03\/ATN_marchio_positivo.svg\",\"width\":1000,\"height\":290,\"caption\":\"Addicted To Nature\"},\"image\":{\"@id\":\"https:\/\/addicted-to.com\/it\/#\/schema\/logo\/image\/\"},\"sameAs\":[\"https:\/\/www.facebook.com\/addictedtoofficial\",\"https:\/\/x.com\/addicted2bamboo\"]}]}<\/script>\n<!-- \/ Yoast SEO plugin. -->","yoast_head_json":{"title":"Kordelzug Tasche - Blatt gr\u00fcn - Addicted To Nature","robots":{"index":"index","follow":"follow","max-snippet":"max-snippet:-1","max-image-preview":"max-image-preview:large","max-video-preview":"max-video-preview:-1"},"canonical":"https:\/\/addicted-to.com\/de\/product\/baumwollrucksack-blattgruen\/","og_locale":"de_DE","og_type":"article","og_title":"Borsa con coulisse - Verde foglia - Addicted To Nature","og_description":"Materiale: 100% cotone  Colore: verde foglia  Clima neutro, cotone biologico certificato e fair wear.","og_url":"https:\/\/addicted-to.com\/de\/product\/baumwollrucksack-blattgruen\/","og_site_name":"Addicted To Nature","article_publisher":"https:\/\/www.facebook.com\/addictedtoofficial","article_modified_time":"2024-05-25T09:29:57+00:00","og_image":[{"width":1000,"height":1000,"url":"https:\/\/addicted-to.com\/wp-content\/uploads\/2022\/08\/drawstring-bag-leaf-green-cotton.jpg","type":"image\/jpeg"}],"twitter_card":"summary_large_image","twitter_site":"@addicted2bamboo","twitter_misc":{"Gesch\u00e4tzte Lesezeit":"1\u00a0Minute"},"schema":{"@context":"https:\/\/schema.org","@graph":[{"@type":"WebPage","@id":"https:\/\/addicted-to.com\/product\/borsa-con-coulisse-verde-foglia\/","url":"https:\/\/addicted-to.com\/product\/borsa-con-coulisse-verde-foglia\/","name":"Kordelzug Tasche - Blatt gr\u00fcn - Addicted To Nature","isPartOf":{"@id":"https:\/\/addicted-to.com\/it\/#website"},"primaryImageOfPage":{"@id":"https:\/\/addicted-to.com\/product\/borsa-con-coulisse-verde-foglia\/#primaryimage"},"image":{"@id":"https:\/\/addicted-to.com\/product\/borsa-con-coulisse-verde-foglia\/#primaryimage"},"thumbnailUrl":"https:\/\/addicted-to.com\/wp-content\/uploads\/2022\/08\/drawstring-bag-leaf-green-cotton.jpg","datePublished":"2022-08-13T13:29:43+00:00","dateModified":"2024-05-25T09:29:57+00:00","breadcrumb":{"@id":"https:\/\/addicted-to.com\/product\/borsa-con-coulisse-verde-foglia\/#breadcrumb"},"inLanguage":"de","potentialAction":[{"@type":"ReadAction","target":["https:\/\/addicted-to.com\/product\/borsa-con-coulisse-verde-foglia\/"]}]},{"@type":"ImageObject","inLanguage":"de","@id":"https:\/\/addicted-to.com\/product\/borsa-con-coulisse-verde-foglia\/#primaryimage","url":"https:\/\/addicted-to.com\/wp-content\/uploads\/2022\/08\/drawstring-bag-leaf-green-cotton.jpg","contentUrl":"https:\/\/addicted-to.com\/wp-content\/uploads\/2022\/08\/drawstring-bag-leaf-green-cotton.jpg","width":1000,"height":1000},{"@type":"BreadcrumbList","@id":"https:\/\/addicted-to.com\/product\/borsa-con-coulisse-verde-foglia\/#breadcrumb","itemListElement":[{"@type":"ListItem","position":1,"name":"Startseite","item":"https:\/\/addicted-to.com\/"},{"@type":"ListItem","position":2,"name":"Produkte","item":"https:\/\/addicted-to.com\/de\/shop-old__trashed\/"},{"@type":"ListItem","position":3,"name":"Borsa con coulisse &#8211; Verde foglia"}]},{"@type":"WebSite","@id":"https:\/\/addicted-to.com\/it\/#website","url":"https:\/\/addicted-to.com\/it\/","name":"Addicted To Nature","description":"Die Gemeinschaft der Menschen, die die Natur leben, achten und sch\u00fctzen.","publisher":{"@id":"https:\/\/addicted-to.com\/it\/#organization"},"potentialAction":[{"@type":"SearchAction","target":{"@type":"EntryPoint","urlTemplate":"https:\/\/addicted-to.com\/it\/?s={search_term_string}"},"query-input":{"@type":"PropertyValueSpecification","valueRequired":true,"valueName":"search_term_string"}}],"inLanguage":"de"},{"@type":"Organization","@id":"https:\/\/addicted-to.com\/it\/#organization","name":"Addicted To Nature","url":"https:\/\/addicted-to.com\/it\/","logo":{"@type":"ImageObject","inLanguage":"de","@id":"https:\/\/addicted-to.com\/it\/#\/schema\/logo\/image\/","url":"https:\/\/addicted-to.com\/wp-content\/uploads\/2024\/03\/ATN_marchio_positivo.svg","contentUrl":"https:\/\/addicted-to.com\/wp-content\/uploads\/2024\/03\/ATN_marchio_positivo.svg","width":1000,"height":290,"caption":"Addicted To Nature"},"image":{"@id":"https:\/\/addicted-to.com\/it\/#\/schema\/logo\/image\/"},"sameAs":["https:\/\/www.facebook.com\/addictedtoofficial","https:\/\/x.com\/addicted2bamboo"]}]}},"_links":{"self":[{"href":"https:\/\/addicted-to.com\/de\/wp-json\/wp\/v2\/product\/10206","targetHints":{"allow":["GET"]}}],"collection":[{"href":"https:\/\/addicted-to.com\/de\/wp-json\/wp\/v2\/product"}],"about":[{"href":"https:\/\/addicted-to.com\/de\/wp-json\/wp\/v2\/types\/product"}],"replies":[{"embeddable":true,"href":"https:\/\/addicted-to.com\/de\/wp-json\/wp\/v2\/comments?post=10206"}],"wp:featuredmedia":[{"embeddable":true,"href":"https:\/\/addicted-to.com\/de\/wp-json\/wp\/v2\/media\/10207"}],"wp:attachment":[{"href":"https:\/\/addicted-to.com\/de\/wp-json\/wp\/v2\/media?parent=10206"}],"wp:term":[{"taxonomy":"product_brand","embeddable":true,"href":"https:\/\/addicted-to.com\/de\/wp-json\/wp\/v2\/product_brand?post=10206"},{"taxonomy":"product_cat","embeddable":true,"href":"https:\/\/addicted-to.com\/de\/wp-json\/wp\/v2\/product_cat?post=10206"},{"taxonomy":"product_tag","embeddable":true,"href":"https:\/\/addicted-to.com\/de\/wp-json\/wp\/v2\/product_tag?post=10206"}],"curies":[{"name":"wp","href":"https:\/\/api.w.org\/{rel}","templated":true}]}}