{"id":13322,"date":"2024-05-26T16:49:01","date_gmt":"2024-05-26T16:49:01","guid":{"rendered":"https:\/\/addicted-to.com\/?post_type=product&#038;p=13322"},"modified":"2024-06-01T11:57:40","modified_gmt":"2024-06-01T11:57:40","slug":"peeling-seife-100g","status":"publish","type":"product","link":"https:\/\/addicted-to.com\/de\/product\/peeling-seife-100g\/","title":{"rendered":"Peeling-Seife &#8211; 100g"},"content":{"rendered":"<div class=\"et_pb_module et_pb_text et_pb_text_4 et_pb_text_align_left et_pb_bg_layout_light\">\n<div class=\"et_pb_text_inner\">\n<p><strong>Was unsere Seifen so besonders macht:<\/strong> Unsere Seifen werden nach einem alten Familienrezept aus der \u00e4ltesten Seifenfabrik \u00d6sterreichs (1777) handgefertigt. Es werden nur hochwertige \u00d6le und Duftstoffe verwendet. Durch dieses schonende Herstellungsverfahren bleibt das bei der Verseifung entstehende nat\u00fcrliche Glycerin erhalten. Unsere Kaltverarbeitungsseifen zeichnen sich durch einen sanften, hautfreundlichen Seifenschaum aus. Au\u00dferdem sind unsere Seifen frei von Konservierungsstoffen.<\/p>\n<p><strong>Zutaten:<\/strong> Natrium \/ Kalium Cocoate, Natrium \/ Kalium Olivate, Aqua, Parfum, Glycerin, Papaver Rhoeas Seed, Prunus Amygdalus Dulcis Oil, Butyrospermum Parkii Butter, Citral, Coumarin, Linalool, Alpha-Isomethyl Ionone, Limonene.<\/p>\n<\/div>\n<\/div>","protected":false},"excerpt":{"rendered":"<p>Diese Peeling-Duschseife mit Massageeffekt pflegt mit einem Duft von Neroli. Unsere palm\u00f6lfreie Kreation enth\u00e4lt ganze Mohnsamen aus \u00f6sterreichischem Anbau f\u00fcr einen nat\u00fcrlichen Peelingeffekt.<\/p>\n<p>Menge: 100g<\/p>","protected":false},"featured_media":13324,"comment_status":"closed","ping_status":"closed","template":"","meta":[],"product_brand":[],"product_cat":[15,1673,1625],"product_tag":[],"class_list":{"0":"post-13322","1":"product","2":"type-product","3":"status-publish","4":"has-post-thumbnail","6":"product_cat-all-products","7":"product_cat-cosmetici","8":"product_cat-soaps","9":"product_shipping_class-small","11":"first","12":"instock","13":"featured","14":"shipping-taxable","15":"purchasable","16":"product-type-simple"},"yoast_head":"<!-- This site is optimized with the Yoast SEO plugin v26.9 - https:\/\/yoast.com\/product\/yoast-seo-wordpress\/ -->\n<title>Sapone esfoliante - 100g - Addicted To Nature<\/title>\n<meta name=\"robots\" content=\"index, follow, max-snippet:-1, max-image-preview:large, max-video-preview:-1\" \/>\n<link rel=\"canonical\" href=\"https:\/\/addicted-to.com\/de\/product\/peeling-seife-100g\/\" \/>\n<meta property=\"og:locale\" content=\"de_DE\" \/>\n<meta property=\"og:type\" content=\"article\" \/>\n<meta property=\"og:title\" content=\"Sapone esfoliante - 100g - Addicted To Nature\" \/>\n<meta property=\"og:description\" content=\"Questo sapone doccia esfoliante con effetto massaggio nutre con una fragranza di neroli. La creazione senza olio di palma della nostra azienda contiene semi di papavero interi provenienti da coltivazioni austriache per un effetto esfoliante naturale.  Quantit\u00e0: 100g\" \/>\n<meta property=\"og:url\" content=\"https:\/\/addicted-to.com\/de\/product\/peeling-seife-100g\/\" \/>\n<meta property=\"og:site_name\" content=\"Addicted To Nature\" \/>\n<meta property=\"article:publisher\" content=\"https:\/\/www.facebook.com\/addictedtoofficial\" \/>\n<meta property=\"article:modified_time\" content=\"2024-06-01T11:57:40+00:00\" \/>\n<meta property=\"og:image\" content=\"https:\/\/addicted-to.com\/wp-content\/uploads\/2024\/05\/sapone-esfoliante.jpg\" \/>\n\t<meta property=\"og:image:width\" content=\"1270\" \/>\n\t<meta property=\"og:image:height\" content=\"1271\" \/>\n\t<meta property=\"og:image:type\" content=\"image\/jpeg\" \/>\n<meta name=\"twitter:card\" content=\"summary_large_image\" \/>\n<meta name=\"twitter:site\" content=\"@addicted2bamboo\" \/>\n<meta name=\"twitter:label1\" content=\"Gesch\u00e4tzte Lesezeit\" \/>\n\t<meta name=\"twitter:data1\" content=\"1\u00a0Minute\" \/>\n<script type=\"application\/ld+json\" class=\"yoast-schema-graph\">{\"@context\":\"https:\/\/schema.org\",\"@graph\":[{\"@type\":\"WebPage\",\"@id\":\"https:\/\/addicted-to.com\/product\/sapone-esfoliante-100g\/\",\"url\":\"https:\/\/addicted-to.com\/product\/sapone-esfoliante-100g\/\",\"name\":\"Sapone esfoliante - 100g - Addicted To Nature\",\"isPartOf\":{\"@id\":\"https:\/\/addicted-to.com\/it\/#website\"},\"primaryImageOfPage\":{\"@id\":\"https:\/\/addicted-to.com\/product\/sapone-esfoliante-100g\/#primaryimage\"},\"image\":{\"@id\":\"https:\/\/addicted-to.com\/product\/sapone-esfoliante-100g\/#primaryimage\"},\"thumbnailUrl\":\"https:\/\/addicted-to.com\/wp-content\/uploads\/2024\/05\/sapone-esfoliante.jpg\",\"datePublished\":\"2024-05-26T16:49:01+00:00\",\"dateModified\":\"2024-06-01T11:57:40+00:00\",\"breadcrumb\":{\"@id\":\"https:\/\/addicted-to.com\/product\/sapone-esfoliante-100g\/#breadcrumb\"},\"inLanguage\":\"de\",\"potentialAction\":[{\"@type\":\"ReadAction\",\"target\":[\"https:\/\/addicted-to.com\/product\/sapone-esfoliante-100g\/\"]}]},{\"@type\":\"ImageObject\",\"inLanguage\":\"de\",\"@id\":\"https:\/\/addicted-to.com\/product\/sapone-esfoliante-100g\/#primaryimage\",\"url\":\"https:\/\/addicted-to.com\/wp-content\/uploads\/2024\/05\/sapone-esfoliante.jpg\",\"contentUrl\":\"https:\/\/addicted-to.com\/wp-content\/uploads\/2024\/05\/sapone-esfoliante.jpg\",\"width\":1270,\"height\":1271},{\"@type\":\"BreadcrumbList\",\"@id\":\"https:\/\/addicted-to.com\/product\/sapone-esfoliante-100g\/#breadcrumb\",\"itemListElement\":[{\"@type\":\"ListItem\",\"position\":1,\"name\":\"Startseite\",\"item\":\"https:\/\/addicted-to.com\/\"},{\"@type\":\"ListItem\",\"position\":2,\"name\":\"Produkte\",\"item\":\"https:\/\/addicted-to.com\/de\/shop-old__trashed\/\"},{\"@type\":\"ListItem\",\"position\":3,\"name\":\"Sapone esfoliante &#8211; 100g\"}]},{\"@type\":\"WebSite\",\"@id\":\"https:\/\/addicted-to.com\/it\/#website\",\"url\":\"https:\/\/addicted-to.com\/it\/\",\"name\":\"Addicted To Nature\",\"description\":\"La community di chi vive, rispetta e custodisce la Natura\",\"publisher\":{\"@id\":\"https:\/\/addicted-to.com\/it\/#organization\"},\"potentialAction\":[{\"@type\":\"SearchAction\",\"target\":{\"@type\":\"EntryPoint\",\"urlTemplate\":\"https:\/\/addicted-to.com\/it\/?s={search_term_string}\"},\"query-input\":{\"@type\":\"PropertyValueSpecification\",\"valueRequired\":true,\"valueName\":\"search_term_string\"}}],\"inLanguage\":\"de\"},{\"@type\":\"Organization\",\"@id\":\"https:\/\/addicted-to.com\/it\/#organization\",\"name\":\"Addicted To Nature\",\"url\":\"https:\/\/addicted-to.com\/it\/\",\"logo\":{\"@type\":\"ImageObject\",\"inLanguage\":\"de\",\"@id\":\"https:\/\/addicted-to.com\/it\/#\/schema\/logo\/image\/\",\"url\":\"https:\/\/addicted-to.com\/wp-content\/uploads\/2024\/03\/ATN_marchio_positivo.svg\",\"contentUrl\":\"https:\/\/addicted-to.com\/wp-content\/uploads\/2024\/03\/ATN_marchio_positivo.svg\",\"width\":1000,\"height\":290,\"caption\":\"Addicted To Nature\"},\"image\":{\"@id\":\"https:\/\/addicted-to.com\/it\/#\/schema\/logo\/image\/\"},\"sameAs\":[\"https:\/\/www.facebook.com\/addictedtoofficial\",\"https:\/\/x.com\/addicted2bamboo\"]}]}<\/script>\n<!-- \/ Yoast SEO plugin. -->","yoast_head_json":{"title":"Peeling Seife - 100g - Addicted To Nature","robots":{"index":"index","follow":"follow","max-snippet":"max-snippet:-1","max-image-preview":"max-image-preview:large","max-video-preview":"max-video-preview:-1"},"canonical":"https:\/\/addicted-to.com\/de\/product\/peeling-seife-100g\/","og_locale":"de_DE","og_type":"article","og_title":"Sapone esfoliante - 100g - Addicted To Nature","og_description":"Questo sapone doccia esfoliante con effetto massaggio nutre con una fragranza di neroli. La creazione senza olio di palma della nostra azienda contiene semi di papavero interi provenienti da coltivazioni austriache per un effetto esfoliante naturale.  Quantit\u00e0: 100g","og_url":"https:\/\/addicted-to.com\/de\/product\/peeling-seife-100g\/","og_site_name":"Addicted To Nature","article_publisher":"https:\/\/www.facebook.com\/addictedtoofficial","article_modified_time":"2024-06-01T11:57:40+00:00","og_image":[{"width":1270,"height":1271,"url":"https:\/\/addicted-to.com\/wp-content\/uploads\/2024\/05\/sapone-esfoliante.jpg","type":"image\/jpeg"}],"twitter_card":"summary_large_image","twitter_site":"@addicted2bamboo","twitter_misc":{"Gesch\u00e4tzte Lesezeit":"1\u00a0Minute"},"schema":{"@context":"https:\/\/schema.org","@graph":[{"@type":"WebPage","@id":"https:\/\/addicted-to.com\/product\/sapone-esfoliante-100g\/","url":"https:\/\/addicted-to.com\/product\/sapone-esfoliante-100g\/","name":"Peeling Seife - 100g - Addicted To Nature","isPartOf":{"@id":"https:\/\/addicted-to.com\/it\/#website"},"primaryImageOfPage":{"@id":"https:\/\/addicted-to.com\/product\/sapone-esfoliante-100g\/#primaryimage"},"image":{"@id":"https:\/\/addicted-to.com\/product\/sapone-esfoliante-100g\/#primaryimage"},"thumbnailUrl":"https:\/\/addicted-to.com\/wp-content\/uploads\/2024\/05\/sapone-esfoliante.jpg","datePublished":"2024-05-26T16:49:01+00:00","dateModified":"2024-06-01T11:57:40+00:00","breadcrumb":{"@id":"https:\/\/addicted-to.com\/product\/sapone-esfoliante-100g\/#breadcrumb"},"inLanguage":"de","potentialAction":[{"@type":"ReadAction","target":["https:\/\/addicted-to.com\/product\/sapone-esfoliante-100g\/"]}]},{"@type":"ImageObject","inLanguage":"de","@id":"https:\/\/addicted-to.com\/product\/sapone-esfoliante-100g\/#primaryimage","url":"https:\/\/addicted-to.com\/wp-content\/uploads\/2024\/05\/sapone-esfoliante.jpg","contentUrl":"https:\/\/addicted-to.com\/wp-content\/uploads\/2024\/05\/sapone-esfoliante.jpg","width":1270,"height":1271},{"@type":"BreadcrumbList","@id":"https:\/\/addicted-to.com\/product\/sapone-esfoliante-100g\/#breadcrumb","itemListElement":[{"@type":"ListItem","position":1,"name":"Startseite","item":"https:\/\/addicted-to.com\/"},{"@type":"ListItem","position":2,"name":"Produkte","item":"https:\/\/addicted-to.com\/de\/shop-old__trashed\/"},{"@type":"ListItem","position":3,"name":"Sapone esfoliante &#8211; 100g"}]},{"@type":"WebSite","@id":"https:\/\/addicted-to.com\/it\/#website","url":"https:\/\/addicted-to.com\/it\/","name":"Addicted To Nature","description":"Die Gemeinschaft der Menschen, die die Natur leben, achten und sch\u00fctzen.","publisher":{"@id":"https:\/\/addicted-to.com\/it\/#organization"},"potentialAction":[{"@type":"SearchAction","target":{"@type":"EntryPoint","urlTemplate":"https:\/\/addicted-to.com\/it\/?s={search_term_string}"},"query-input":{"@type":"PropertyValueSpecification","valueRequired":true,"valueName":"search_term_string"}}],"inLanguage":"de"},{"@type":"Organization","@id":"https:\/\/addicted-to.com\/it\/#organization","name":"Addicted To Nature","url":"https:\/\/addicted-to.com\/it\/","logo":{"@type":"ImageObject","inLanguage":"de","@id":"https:\/\/addicted-to.com\/it\/#\/schema\/logo\/image\/","url":"https:\/\/addicted-to.com\/wp-content\/uploads\/2024\/03\/ATN_marchio_positivo.svg","contentUrl":"https:\/\/addicted-to.com\/wp-content\/uploads\/2024\/03\/ATN_marchio_positivo.svg","width":1000,"height":290,"caption":"Addicted To Nature"},"image":{"@id":"https:\/\/addicted-to.com\/it\/#\/schema\/logo\/image\/"},"sameAs":["https:\/\/www.facebook.com\/addictedtoofficial","https:\/\/x.com\/addicted2bamboo"]}]}},"_links":{"self":[{"href":"https:\/\/addicted-to.com\/de\/wp-json\/wp\/v2\/product\/13322","targetHints":{"allow":["GET"]}}],"collection":[{"href":"https:\/\/addicted-to.com\/de\/wp-json\/wp\/v2\/product"}],"about":[{"href":"https:\/\/addicted-to.com\/de\/wp-json\/wp\/v2\/types\/product"}],"replies":[{"embeddable":true,"href":"https:\/\/addicted-to.com\/de\/wp-json\/wp\/v2\/comments?post=13322"}],"wp:featuredmedia":[{"embeddable":true,"href":"https:\/\/addicted-to.com\/de\/wp-json\/wp\/v2\/media\/13324"}],"wp:attachment":[{"href":"https:\/\/addicted-to.com\/de\/wp-json\/wp\/v2\/media?parent=13322"}],"wp:term":[{"taxonomy":"product_brand","embeddable":true,"href":"https:\/\/addicted-to.com\/de\/wp-json\/wp\/v2\/product_brand?post=13322"},{"taxonomy":"product_cat","embeddable":true,"href":"https:\/\/addicted-to.com\/de\/wp-json\/wp\/v2\/product_cat?post=13322"},{"taxonomy":"product_tag","embeddable":true,"href":"https:\/\/addicted-to.com\/de\/wp-json\/wp\/v2\/product_tag?post=13322"}],"curies":[{"name":"wp","href":"https:\/\/api.w.org\/{rel}","templated":true}]}}