{"id":13640,"date":"2024-12-24T15:11:03","date_gmt":"2024-12-24T15:11:03","guid":{"rendered":"https:\/\/addicted-to.com\/?post_type=product&#038;p=13640"},"modified":"2025-11-03T14:19:35","modified_gmt":"2025-11-03T14:19:35","slug":"coperta-in-alpaca-matrimoniale-115x156cm-made-in-ecuador","status":"publish","type":"product","link":"https:\/\/addicted-to.com\/de\/product\/coperta-in-alpaca-matrimoniale-115x156cm-made-in-ecuador\/","title":{"rendered":"Doppelte Alpaka-Decke 115x156cm &#8211; Hergestellt in Ecuador"},"content":{"rendered":"<p>Entdecke die Weichheit und W\u00e4rme von Alpaka in einer hochwertigen Decke, die perfekt f\u00fcr dein Zuhause ist. Diese luxuri\u00f6sen Decken bieten nicht nur Komfort und Stil, sondern k\u00f6nnen auch als Dekorationsartikel f\u00fcr M\u00f6bel verwendet werden.<\/p>\n<p>Sie werden von indigenen Meistern in den Anden in Handarbeit hergestellt und sind ein exklusives, handgefertigtes Produkt.<\/p>","protected":false},"excerpt":{"rendered":"<p>Doppelte Alpaka-Decke<\/p>\n<p class=\"p1\">Material und Zusammensetzung: 40% Alpakawolle, 40% Schafwolle, 20% Acryl<\/p>\n<p class=\"p1\">Hergestellt in Ecuador<\/p>\n<p>Handgefertigt<\/p>\n<p>Gr\u00f6\u00dfe: 115x156cm<\/p>","protected":false},"featured_media":13638,"comment_status":"closed","ping_status":"closed","template":"","meta":[],"product_brand":[],"product_cat":[15,1674],"product_tag":[],"class_list":{"0":"post-13640","1":"product","2":"type-product","3":"status-publish","4":"has-post-thumbnail","6":"product_cat-all-products","7":"product_cat-accessori","8":"product_shipping_class-large","10":"first","11":"outofstock","12":"shipping-taxable","13":"purchasable","14":"product-type-simple"},"yoast_head":"<!-- This site is optimized with the Yoast SEO plugin v26.9 - https:\/\/yoast.com\/product\/yoast-seo-wordpress\/ -->\n<title>Coperta in alpaca matrimoniale 115x156cm - Made in Ecuador - Addicted To Nature<\/title>\n<meta name=\"robots\" content=\"index, follow, max-snippet:-1, max-image-preview:large, max-video-preview:-1\" \/>\n<link rel=\"canonical\" href=\"https:\/\/addicted-to.com\/de\/product\/coperta-in-alpaca-matrimoniale-115x156cm-made-in-ecuador\/\" \/>\n<meta property=\"og:locale\" content=\"de_DE\" \/>\n<meta property=\"og:type\" content=\"article\" \/>\n<meta property=\"og:title\" content=\"Coperta in alpaca matrimoniale 115x156cm - Made in Ecuador - Addicted To Nature\" \/>\n<meta property=\"og:description\" content=\"Coperta in alpaca matrimoniale Materiale e composizione: 40% lana d\u2019alpaca, 40% lana di pecora, 20% acrilico Prodotto in Ecuador Fatto a mano  Misura: 115x156cm\" \/>\n<meta property=\"og:url\" content=\"https:\/\/addicted-to.com\/de\/product\/coperta-in-alpaca-matrimoniale-115x156cm-made-in-ecuador\/\" \/>\n<meta property=\"og:site_name\" content=\"Addicted To Nature\" \/>\n<meta property=\"article:publisher\" content=\"https:\/\/www.facebook.com\/addictedtoofficial\" \/>\n<meta property=\"article:modified_time\" content=\"2025-11-03T14:19:35+00:00\" \/>\n<meta property=\"og:image\" content=\"https:\/\/addicted-to.com\/wp-content\/uploads\/2023\/03\/alpaca-blanket-made-in-ecuador.jpg\" \/>\n\t<meta property=\"og:image:width\" content=\"678\" \/>\n\t<meta property=\"og:image:height\" content=\"678\" \/>\n\t<meta property=\"og:image:type\" content=\"image\/jpeg\" \/>\n<meta name=\"twitter:card\" content=\"summary_large_image\" \/>\n<meta name=\"twitter:site\" content=\"@addicted2bamboo\" \/>\n<meta name=\"twitter:label1\" content=\"Gesch\u00e4tzte Lesezeit\" \/>\n\t<meta name=\"twitter:data1\" content=\"1\u00a0Minute\" \/>\n<script type=\"application\/ld+json\" class=\"yoast-schema-graph\">{\"@context\":\"https:\/\/schema.org\",\"@graph\":[{\"@type\":\"WebPage\",\"@id\":\"https:\/\/addicted-to.com\/product\/coperta-in-alpaca-matrimoniale-115x156cm-made-in-ecuador\/\",\"url\":\"https:\/\/addicted-to.com\/product\/coperta-in-alpaca-matrimoniale-115x156cm-made-in-ecuador\/\",\"name\":\"Coperta in alpaca matrimoniale 115x156cm - Made in Ecuador - Addicted To Nature\",\"isPartOf\":{\"@id\":\"https:\/\/addicted-to.com\/it\/#website\"},\"primaryImageOfPage\":{\"@id\":\"https:\/\/addicted-to.com\/product\/coperta-in-alpaca-matrimoniale-115x156cm-made-in-ecuador\/#primaryimage\"},\"image\":{\"@id\":\"https:\/\/addicted-to.com\/product\/coperta-in-alpaca-matrimoniale-115x156cm-made-in-ecuador\/#primaryimage\"},\"thumbnailUrl\":\"https:\/\/addicted-to.com\/wp-content\/uploads\/2023\/03\/alpaca-blanket-made-in-ecuador.jpg\",\"datePublished\":\"2024-12-24T15:11:03+00:00\",\"dateModified\":\"2025-11-03T14:19:35+00:00\",\"breadcrumb\":{\"@id\":\"https:\/\/addicted-to.com\/product\/coperta-in-alpaca-matrimoniale-115x156cm-made-in-ecuador\/#breadcrumb\"},\"inLanguage\":\"de\",\"potentialAction\":[{\"@type\":\"ReadAction\",\"target\":[\"https:\/\/addicted-to.com\/product\/coperta-in-alpaca-matrimoniale-115x156cm-made-in-ecuador\/\"]}]},{\"@type\":\"ImageObject\",\"inLanguage\":\"de\",\"@id\":\"https:\/\/addicted-to.com\/product\/coperta-in-alpaca-matrimoniale-115x156cm-made-in-ecuador\/#primaryimage\",\"url\":\"https:\/\/addicted-to.com\/wp-content\/uploads\/2023\/03\/alpaca-blanket-made-in-ecuador.jpg\",\"contentUrl\":\"https:\/\/addicted-to.com\/wp-content\/uploads\/2023\/03\/alpaca-blanket-made-in-ecuador.jpg\",\"width\":678,\"height\":678,\"caption\":\"Coperta in alpaca matrimoniale\"},{\"@type\":\"BreadcrumbList\",\"@id\":\"https:\/\/addicted-to.com\/product\/coperta-in-alpaca-matrimoniale-115x156cm-made-in-ecuador\/#breadcrumb\",\"itemListElement\":[{\"@type\":\"ListItem\",\"position\":1,\"name\":\"Startseite\",\"item\":\"https:\/\/addicted-to.com\/\"},{\"@type\":\"ListItem\",\"position\":2,\"name\":\"Produkte\",\"item\":\"https:\/\/addicted-to.com\/de\/shop-old__trashed\/\"},{\"@type\":\"ListItem\",\"position\":3,\"name\":\"Coperta in alpaca matrimoniale 115x156cm &#8211; Made in Ecuador\"}]},{\"@type\":\"WebSite\",\"@id\":\"https:\/\/addicted-to.com\/it\/#website\",\"url\":\"https:\/\/addicted-to.com\/it\/\",\"name\":\"Addicted To Nature\",\"description\":\"La community di chi vive, rispetta e custodisce la Natura\",\"publisher\":{\"@id\":\"https:\/\/addicted-to.com\/it\/#organization\"},\"potentialAction\":[{\"@type\":\"SearchAction\",\"target\":{\"@type\":\"EntryPoint\",\"urlTemplate\":\"https:\/\/addicted-to.com\/it\/?s={search_term_string}\"},\"query-input\":{\"@type\":\"PropertyValueSpecification\",\"valueRequired\":true,\"valueName\":\"search_term_string\"}}],\"inLanguage\":\"de\"},{\"@type\":\"Organization\",\"@id\":\"https:\/\/addicted-to.com\/it\/#organization\",\"name\":\"Addicted To Nature\",\"url\":\"https:\/\/addicted-to.com\/it\/\",\"logo\":{\"@type\":\"ImageObject\",\"inLanguage\":\"de\",\"@id\":\"https:\/\/addicted-to.com\/it\/#\/schema\/logo\/image\/\",\"url\":\"https:\/\/addicted-to.com\/wp-content\/uploads\/2024\/03\/ATN_marchio_positivo.svg\",\"contentUrl\":\"https:\/\/addicted-to.com\/wp-content\/uploads\/2024\/03\/ATN_marchio_positivo.svg\",\"width\":1000,\"height\":290,\"caption\":\"Addicted To Nature\"},\"image\":{\"@id\":\"https:\/\/addicted-to.com\/it\/#\/schema\/logo\/image\/\"},\"sameAs\":[\"https:\/\/www.facebook.com\/addictedtoofficial\",\"https:\/\/x.com\/addicted2bamboo\"]}]}<\/script>\n<!-- \/ Yoast SEO plugin. -->","yoast_head_json":{"title":"Alpaka Doppeldecke 115x156cm - Hergestellt in Ecuador - Addicted To Nature","robots":{"index":"index","follow":"follow","max-snippet":"max-snippet:-1","max-image-preview":"max-image-preview:large","max-video-preview":"max-video-preview:-1"},"canonical":"https:\/\/addicted-to.com\/de\/product\/coperta-in-alpaca-matrimoniale-115x156cm-made-in-ecuador\/","og_locale":"de_DE","og_type":"article","og_title":"Coperta in alpaca matrimoniale 115x156cm - Made in Ecuador - Addicted To Nature","og_description":"Coperta in alpaca matrimoniale Materiale e composizione: 40% lana d\u2019alpaca, 40% lana di pecora, 20% acrilico Prodotto in Ecuador Fatto a mano  Misura: 115x156cm","og_url":"https:\/\/addicted-to.com\/de\/product\/coperta-in-alpaca-matrimoniale-115x156cm-made-in-ecuador\/","og_site_name":"Addicted To Nature","article_publisher":"https:\/\/www.facebook.com\/addictedtoofficial","article_modified_time":"2025-11-03T14:19:35+00:00","og_image":[{"width":678,"height":678,"url":"https:\/\/addicted-to.com\/wp-content\/uploads\/2023\/03\/alpaca-blanket-made-in-ecuador.jpg","type":"image\/jpeg"}],"twitter_card":"summary_large_image","twitter_site":"@addicted2bamboo","twitter_misc":{"Gesch\u00e4tzte Lesezeit":"1\u00a0Minute"},"schema":{"@context":"https:\/\/schema.org","@graph":[{"@type":"WebPage","@id":"https:\/\/addicted-to.com\/product\/coperta-in-alpaca-matrimoniale-115x156cm-made-in-ecuador\/","url":"https:\/\/addicted-to.com\/product\/coperta-in-alpaca-matrimoniale-115x156cm-made-in-ecuador\/","name":"Alpaka Doppeldecke 115x156cm - Hergestellt in Ecuador - Addicted To Nature","isPartOf":{"@id":"https:\/\/addicted-to.com\/it\/#website"},"primaryImageOfPage":{"@id":"https:\/\/addicted-to.com\/product\/coperta-in-alpaca-matrimoniale-115x156cm-made-in-ecuador\/#primaryimage"},"image":{"@id":"https:\/\/addicted-to.com\/product\/coperta-in-alpaca-matrimoniale-115x156cm-made-in-ecuador\/#primaryimage"},"thumbnailUrl":"https:\/\/addicted-to.com\/wp-content\/uploads\/2023\/03\/alpaca-blanket-made-in-ecuador.jpg","datePublished":"2024-12-24T15:11:03+00:00","dateModified":"2025-11-03T14:19:35+00:00","breadcrumb":{"@id":"https:\/\/addicted-to.com\/product\/coperta-in-alpaca-matrimoniale-115x156cm-made-in-ecuador\/#breadcrumb"},"inLanguage":"de","potentialAction":[{"@type":"ReadAction","target":["https:\/\/addicted-to.com\/product\/coperta-in-alpaca-matrimoniale-115x156cm-made-in-ecuador\/"]}]},{"@type":"ImageObject","inLanguage":"de","@id":"https:\/\/addicted-to.com\/product\/coperta-in-alpaca-matrimoniale-115x156cm-made-in-ecuador\/#primaryimage","url":"https:\/\/addicted-to.com\/wp-content\/uploads\/2023\/03\/alpaca-blanket-made-in-ecuador.jpg","contentUrl":"https:\/\/addicted-to.com\/wp-content\/uploads\/2023\/03\/alpaca-blanket-made-in-ecuador.jpg","width":678,"height":678,"caption":"Coperta in alpaca matrimoniale"},{"@type":"BreadcrumbList","@id":"https:\/\/addicted-to.com\/product\/coperta-in-alpaca-matrimoniale-115x156cm-made-in-ecuador\/#breadcrumb","itemListElement":[{"@type":"ListItem","position":1,"name":"Startseite","item":"https:\/\/addicted-to.com\/"},{"@type":"ListItem","position":2,"name":"Produkte","item":"https:\/\/addicted-to.com\/de\/shop-old__trashed\/"},{"@type":"ListItem","position":3,"name":"Coperta in alpaca matrimoniale 115x156cm &#8211; Made in Ecuador"}]},{"@type":"WebSite","@id":"https:\/\/addicted-to.com\/it\/#website","url":"https:\/\/addicted-to.com\/it\/","name":"Addicted To Nature","description":"Die Gemeinschaft der Menschen, die die Natur leben, achten und sch\u00fctzen.","publisher":{"@id":"https:\/\/addicted-to.com\/it\/#organization"},"potentialAction":[{"@type":"SearchAction","target":{"@type":"EntryPoint","urlTemplate":"https:\/\/addicted-to.com\/it\/?s={search_term_string}"},"query-input":{"@type":"PropertyValueSpecification","valueRequired":true,"valueName":"search_term_string"}}],"inLanguage":"de"},{"@type":"Organization","@id":"https:\/\/addicted-to.com\/it\/#organization","name":"Addicted To Nature","url":"https:\/\/addicted-to.com\/it\/","logo":{"@type":"ImageObject","inLanguage":"de","@id":"https:\/\/addicted-to.com\/it\/#\/schema\/logo\/image\/","url":"https:\/\/addicted-to.com\/wp-content\/uploads\/2024\/03\/ATN_marchio_positivo.svg","contentUrl":"https:\/\/addicted-to.com\/wp-content\/uploads\/2024\/03\/ATN_marchio_positivo.svg","width":1000,"height":290,"caption":"Addicted To Nature"},"image":{"@id":"https:\/\/addicted-to.com\/it\/#\/schema\/logo\/image\/"},"sameAs":["https:\/\/www.facebook.com\/addictedtoofficial","https:\/\/x.com\/addicted2bamboo"]}]}},"_links":{"self":[{"href":"https:\/\/addicted-to.com\/de\/wp-json\/wp\/v2\/product\/13640","targetHints":{"allow":["GET"]}}],"collection":[{"href":"https:\/\/addicted-to.com\/de\/wp-json\/wp\/v2\/product"}],"about":[{"href":"https:\/\/addicted-to.com\/de\/wp-json\/wp\/v2\/types\/product"}],"replies":[{"embeddable":true,"href":"https:\/\/addicted-to.com\/de\/wp-json\/wp\/v2\/comments?post=13640"}],"wp:featuredmedia":[{"embeddable":true,"href":"https:\/\/addicted-to.com\/de\/wp-json\/wp\/v2\/media\/13638"}],"wp:attachment":[{"href":"https:\/\/addicted-to.com\/de\/wp-json\/wp\/v2\/media?parent=13640"}],"wp:term":[{"taxonomy":"product_brand","embeddable":true,"href":"https:\/\/addicted-to.com\/de\/wp-json\/wp\/v2\/product_brand?post=13640"},{"taxonomy":"product_cat","embeddable":true,"href":"https:\/\/addicted-to.com\/de\/wp-json\/wp\/v2\/product_cat?post=13640"},{"taxonomy":"product_tag","embeddable":true,"href":"https:\/\/addicted-to.com\/de\/wp-json\/wp\/v2\/product_tag?post=13640"}],"curies":[{"name":"wp","href":"https:\/\/api.w.org\/{rel}","templated":true}]}}