{"id":14501,"date":"2026-01-31T13:31:49","date_gmt":"2026-01-31T13:31:49","guid":{"rendered":"https:\/\/addicted-to.com\/?post_type=product&#038;p=14501"},"modified":"2026-01-31T13:37:40","modified_gmt":"2026-01-31T13:37:40","slug":"spazzolino-naturale-in-bambu","status":"publish","type":"product","link":"https:\/\/addicted-to.com\/de\/product\/spazzolino-naturale-in-bambu\/","title":{"rendered":"Nachhaltige Bambus Zahnb\u00fcrste"},"content":{"rendered":"<p data-start=\"233\" data-end=\"458\">Unsere Bamboo Toothbrush ist die umweltfreundliche Alternative zur herk\u00f6mmlichen Zahnb\u00fcrste. Der Griff besteht aus nat\u00fcrlichem, nachhaltigem Bambus, einem schnell nachwachsenden Rohstoff, der besonders ressourcenschonend ist.<\/p>\n<p data-start=\"460\" data-end=\"699\">Die weichen Borsten sorgen f\u00fcr eine sanfte und gr\u00fcndliche Reinigung der Z\u00e4hne und sind ideal f\u00fcr den t\u00e4glichen Gebrauch. Die Zahnb\u00fcrste ist pflanzenbasiert, vegan friendly und kommt in einer \u00f6kologischen Verpackung \u2013 ganz ohne unn\u00f6tigen Plastikm\u00fcll.<\/p>\n<p data-start=\"701\" data-end=\"835\">Selbstverst\u00e4ndlich ist sie 100 % BPA-frei, GMO-frei und frei von sch\u00e4dlichen Stoffen. Eine bewusste Wahl f\u00fcr deine Zahnpflege und f\u00fcr unseren Planeten.<\/p>","protected":false},"excerpt":{"rendered":"<ul>\n<li data-start=\"948\" data-end=\"991\">Weiche Borsten<\/li>\n<li data-start=\"948\" data-end=\"991\">Pflanzenbasiert &amp; vegan friendly<\/li>\n<li data-start=\"948\" data-end=\"991\">Bambus als erneuerbare Ressource<\/li>\n<li data-start=\"948\" data-end=\"991\">Umweltfreundliche Verpackung<\/li>\n<li data-start=\"948\" data-end=\"991\">GMO-frei<\/li>\n<li data-start=\"948\" data-end=\"991\">100% BPA-frei<\/li>\n<\/ul>","protected":false},"featured_media":14506,"comment_status":"closed","ping_status":"closed","template":"","meta":[],"product_brand":[],"product_cat":[15,1674,1673],"product_tag":[],"class_list":{"0":"post-14501","1":"product","2":"type-product","3":"status-publish","4":"has-post-thumbnail","6":"product_cat-all-products","7":"product_cat-accessori","8":"product_cat-cosmetici","9":"product_shipping_class-flat","11":"first","12":"instock","13":"shipping-taxable","14":"purchasable","15":"product-type-simple"},"yoast_head":"<!-- This site is optimized with the Yoast SEO plugin v26.9 - https:\/\/yoast.com\/product\/yoast-seo-wordpress\/ -->\n<title>Spazzolino Naturale in Bamb\u00f9 - Addicted To Nature<\/title>\n<meta name=\"robots\" content=\"index, follow, max-snippet:-1, max-image-preview:large, max-video-preview:-1\" \/>\n<link rel=\"canonical\" href=\"https:\/\/addicted-to.com\/de\/product\/spazzolino-naturale-in-bambu\/\" \/>\n<meta property=\"og:locale\" content=\"de_DE\" \/>\n<meta property=\"og:type\" content=\"article\" \/>\n<meta property=\"og:title\" content=\"Spazzolino Naturale in Bamb\u00f9 - Addicted To Nature\" \/>\n<meta property=\"og:description\" content=\"Setole morbide  Plant-based &amp; vegan friendly  Bamb\u00f9 come risorsa rinnovabile  Packaging ecologico  GMO free  100% BPA free\" \/>\n<meta property=\"og:url\" content=\"https:\/\/addicted-to.com\/de\/product\/spazzolino-naturale-in-bambu\/\" \/>\n<meta property=\"og:site_name\" content=\"Addicted To Nature\" \/>\n<meta property=\"article:publisher\" content=\"https:\/\/www.facebook.com\/addictedtoofficial\" \/>\n<meta property=\"article:modified_time\" content=\"2026-01-31T13:37:40+00:00\" \/>\n<meta property=\"og:image\" content=\"https:\/\/addicted-to.com\/wp-content\/uploads\/2026\/01\/bambus-zahnbuersten-guenstig-hochwertig.png\" \/>\n\t<meta property=\"og:image:width\" content=\"2390\" \/>\n\t<meta property=\"og:image:height\" content=\"2391\" \/>\n\t<meta property=\"og:image:type\" content=\"image\/png\" \/>\n<meta name=\"twitter:card\" content=\"summary_large_image\" \/>\n<meta name=\"twitter:site\" content=\"@addicted2bamboo\" \/>\n<meta name=\"twitter:label1\" content=\"Gesch\u00e4tzte Lesezeit\" \/>\n\t<meta name=\"twitter:data1\" content=\"1\u00a0Minute\" \/>\n<script type=\"application\/ld+json\" class=\"yoast-schema-graph\">{\"@context\":\"https:\/\/schema.org\",\"@graph\":[{\"@type\":\"WebPage\",\"@id\":\"https:\/\/addicted-to.com\/product\/spazzolino-naturale-in-bambu\/\",\"url\":\"https:\/\/addicted-to.com\/product\/spazzolino-naturale-in-bambu\/\",\"name\":\"Spazzolino Naturale in Bamb\u00f9 - Addicted To Nature\",\"isPartOf\":{\"@id\":\"https:\/\/addicted-to.com\/it\/#website\"},\"primaryImageOfPage\":{\"@id\":\"https:\/\/addicted-to.com\/product\/spazzolino-naturale-in-bambu\/#primaryimage\"},\"image\":{\"@id\":\"https:\/\/addicted-to.com\/product\/spazzolino-naturale-in-bambu\/#primaryimage\"},\"thumbnailUrl\":\"https:\/\/addicted-to.com\/wp-content\/uploads\/2026\/01\/bambus-zahnbuersten-guenstig-hochwertig.png\",\"datePublished\":\"2026-01-31T13:31:49+00:00\",\"dateModified\":\"2026-01-31T13:37:40+00:00\",\"breadcrumb\":{\"@id\":\"https:\/\/addicted-to.com\/product\/spazzolino-naturale-in-bambu\/#breadcrumb\"},\"inLanguage\":\"de\",\"potentialAction\":[{\"@type\":\"ReadAction\",\"target\":[\"https:\/\/addicted-to.com\/product\/spazzolino-naturale-in-bambu\/\"]}]},{\"@type\":\"ImageObject\",\"inLanguage\":\"de\",\"@id\":\"https:\/\/addicted-to.com\/product\/spazzolino-naturale-in-bambu\/#primaryimage\",\"url\":\"https:\/\/addicted-to.com\/wp-content\/uploads\/2026\/01\/bambus-zahnbuersten-guenstig-hochwertig.png\",\"contentUrl\":\"https:\/\/addicted-to.com\/wp-content\/uploads\/2026\/01\/bambus-zahnbuersten-guenstig-hochwertig.png\",\"width\":2390,\"height\":2391},{\"@type\":\"BreadcrumbList\",\"@id\":\"https:\/\/addicted-to.com\/product\/spazzolino-naturale-in-bambu\/#breadcrumb\",\"itemListElement\":[{\"@type\":\"ListItem\",\"position\":1,\"name\":\"Startseite\",\"item\":\"https:\/\/addicted-to.com\/\"},{\"@type\":\"ListItem\",\"position\":2,\"name\":\"Produkte\",\"item\":\"https:\/\/addicted-to.com\/de\/shop-old__trashed\/\"},{\"@type\":\"ListItem\",\"position\":3,\"name\":\"Spazzolino Naturale in Bamb\u00f9\"}]},{\"@type\":\"WebSite\",\"@id\":\"https:\/\/addicted-to.com\/it\/#website\",\"url\":\"https:\/\/addicted-to.com\/it\/\",\"name\":\"Addicted To Nature\",\"description\":\"La community di chi vive, rispetta e custodisce la Natura\",\"publisher\":{\"@id\":\"https:\/\/addicted-to.com\/it\/#organization\"},\"potentialAction\":[{\"@type\":\"SearchAction\",\"target\":{\"@type\":\"EntryPoint\",\"urlTemplate\":\"https:\/\/addicted-to.com\/it\/?s={search_term_string}\"},\"query-input\":{\"@type\":\"PropertyValueSpecification\",\"valueRequired\":true,\"valueName\":\"search_term_string\"}}],\"inLanguage\":\"de\"},{\"@type\":\"Organization\",\"@id\":\"https:\/\/addicted-to.com\/it\/#organization\",\"name\":\"Addicted To Nature\",\"url\":\"https:\/\/addicted-to.com\/it\/\",\"logo\":{\"@type\":\"ImageObject\",\"inLanguage\":\"de\",\"@id\":\"https:\/\/addicted-to.com\/it\/#\/schema\/logo\/image\/\",\"url\":\"https:\/\/addicted-to.com\/wp-content\/uploads\/2024\/03\/ATN_marchio_positivo.svg\",\"contentUrl\":\"https:\/\/addicted-to.com\/wp-content\/uploads\/2024\/03\/ATN_marchio_positivo.svg\",\"width\":1000,\"height\":290,\"caption\":\"Addicted To Nature\"},\"image\":{\"@id\":\"https:\/\/addicted-to.com\/it\/#\/schema\/logo\/image\/\"},\"sameAs\":[\"https:\/\/www.facebook.com\/addictedtoofficial\",\"https:\/\/x.com\/addicted2bamboo\"]}]}<\/script>\n<!-- \/ Yoast SEO plugin. -->","yoast_head_json":{"title":"Spazzolino Naturale in Bamb\u00f9 - Addicted To Nature","robots":{"index":"index","follow":"follow","max-snippet":"max-snippet:-1","max-image-preview":"max-image-preview:large","max-video-preview":"max-video-preview:-1"},"canonical":"https:\/\/addicted-to.com\/de\/product\/spazzolino-naturale-in-bambu\/","og_locale":"de_DE","og_type":"article","og_title":"Spazzolino Naturale in Bamb\u00f9 - Addicted To Nature","og_description":"Setole morbide  Plant-based &amp; vegan friendly  Bamb\u00f9 come risorsa rinnovabile  Packaging ecologico  GMO free  100% BPA free","og_url":"https:\/\/addicted-to.com\/de\/product\/spazzolino-naturale-in-bambu\/","og_site_name":"Addicted To Nature","article_publisher":"https:\/\/www.facebook.com\/addictedtoofficial","article_modified_time":"2026-01-31T13:37:40+00:00","og_image":[{"width":2390,"height":2391,"url":"https:\/\/addicted-to.com\/wp-content\/uploads\/2026\/01\/bambus-zahnbuersten-guenstig-hochwertig.png","type":"image\/png"}],"twitter_card":"summary_large_image","twitter_site":"@addicted2bamboo","twitter_misc":{"Gesch\u00e4tzte Lesezeit":"1\u00a0Minute"},"schema":{"@context":"https:\/\/schema.org","@graph":[{"@type":"WebPage","@id":"https:\/\/addicted-to.com\/product\/spazzolino-naturale-in-bambu\/","url":"https:\/\/addicted-to.com\/product\/spazzolino-naturale-in-bambu\/","name":"Spazzolino Naturale in Bamb\u00f9 - Addicted To Nature","isPartOf":{"@id":"https:\/\/addicted-to.com\/it\/#website"},"primaryImageOfPage":{"@id":"https:\/\/addicted-to.com\/product\/spazzolino-naturale-in-bambu\/#primaryimage"},"image":{"@id":"https:\/\/addicted-to.com\/product\/spazzolino-naturale-in-bambu\/#primaryimage"},"thumbnailUrl":"https:\/\/addicted-to.com\/wp-content\/uploads\/2026\/01\/bambus-zahnbuersten-guenstig-hochwertig.png","datePublished":"2026-01-31T13:31:49+00:00","dateModified":"2026-01-31T13:37:40+00:00","breadcrumb":{"@id":"https:\/\/addicted-to.com\/product\/spazzolino-naturale-in-bambu\/#breadcrumb"},"inLanguage":"de","potentialAction":[{"@type":"ReadAction","target":["https:\/\/addicted-to.com\/product\/spazzolino-naturale-in-bambu\/"]}]},{"@type":"ImageObject","inLanguage":"de","@id":"https:\/\/addicted-to.com\/product\/spazzolino-naturale-in-bambu\/#primaryimage","url":"https:\/\/addicted-to.com\/wp-content\/uploads\/2026\/01\/bambus-zahnbuersten-guenstig-hochwertig.png","contentUrl":"https:\/\/addicted-to.com\/wp-content\/uploads\/2026\/01\/bambus-zahnbuersten-guenstig-hochwertig.png","width":2390,"height":2391},{"@type":"BreadcrumbList","@id":"https:\/\/addicted-to.com\/product\/spazzolino-naturale-in-bambu\/#breadcrumb","itemListElement":[{"@type":"ListItem","position":1,"name":"Startseite","item":"https:\/\/addicted-to.com\/"},{"@type":"ListItem","position":2,"name":"Produkte","item":"https:\/\/addicted-to.com\/de\/shop-old__trashed\/"},{"@type":"ListItem","position":3,"name":"Spazzolino Naturale in Bamb\u00f9"}]},{"@type":"WebSite","@id":"https:\/\/addicted-to.com\/it\/#website","url":"https:\/\/addicted-to.com\/it\/","name":"Addicted To Nature","description":"Die Gemeinschaft der Menschen, die die Natur leben, achten und sch\u00fctzen.","publisher":{"@id":"https:\/\/addicted-to.com\/it\/#organization"},"potentialAction":[{"@type":"SearchAction","target":{"@type":"EntryPoint","urlTemplate":"https:\/\/addicted-to.com\/it\/?s={search_term_string}"},"query-input":{"@type":"PropertyValueSpecification","valueRequired":true,"valueName":"search_term_string"}}],"inLanguage":"de"},{"@type":"Organization","@id":"https:\/\/addicted-to.com\/it\/#organization","name":"Addicted To Nature","url":"https:\/\/addicted-to.com\/it\/","logo":{"@type":"ImageObject","inLanguage":"de","@id":"https:\/\/addicted-to.com\/it\/#\/schema\/logo\/image\/","url":"https:\/\/addicted-to.com\/wp-content\/uploads\/2024\/03\/ATN_marchio_positivo.svg","contentUrl":"https:\/\/addicted-to.com\/wp-content\/uploads\/2024\/03\/ATN_marchio_positivo.svg","width":1000,"height":290,"caption":"Addicted To Nature"},"image":{"@id":"https:\/\/addicted-to.com\/it\/#\/schema\/logo\/image\/"},"sameAs":["https:\/\/www.facebook.com\/addictedtoofficial","https:\/\/x.com\/addicted2bamboo"]}]}},"_links":{"self":[{"href":"https:\/\/addicted-to.com\/de\/wp-json\/wp\/v2\/product\/14501","targetHints":{"allow":["GET"]}}],"collection":[{"href":"https:\/\/addicted-to.com\/de\/wp-json\/wp\/v2\/product"}],"about":[{"href":"https:\/\/addicted-to.com\/de\/wp-json\/wp\/v2\/types\/product"}],"replies":[{"embeddable":true,"href":"https:\/\/addicted-to.com\/de\/wp-json\/wp\/v2\/comments?post=14501"}],"wp:featuredmedia":[{"embeddable":true,"href":"https:\/\/addicted-to.com\/de\/wp-json\/wp\/v2\/media\/14506"}],"wp:attachment":[{"href":"https:\/\/addicted-to.com\/de\/wp-json\/wp\/v2\/media?parent=14501"}],"wp:term":[{"taxonomy":"product_brand","embeddable":true,"href":"https:\/\/addicted-to.com\/de\/wp-json\/wp\/v2\/product_brand?post=14501"},{"taxonomy":"product_cat","embeddable":true,"href":"https:\/\/addicted-to.com\/de\/wp-json\/wp\/v2\/product_cat?post=14501"},{"taxonomy":"product_tag","embeddable":true,"href":"https:\/\/addicted-to.com\/de\/wp-json\/wp\/v2\/product_tag?post=14501"}],"curies":[{"name":"wp","href":"https:\/\/api.w.org\/{rel}","templated":true}]}}