{"id":7598,"date":"2020-07-04T10:19:39","date_gmt":"2020-07-04T10:19:39","guid":{"rendered":"https:\/\/addicted-to.com\/?post_type=product&#038;p=7598"},"modified":"2025-11-26T16:39:08","modified_gmt":"2025-11-26T16:39:08","slug":"zitronenhonig-aetna-vulkan","status":"publish","type":"product","link":"https:\/\/addicted-to.com\/de\/product\/zitronenhonig-aetna-vulkan\/","title":{"rendered":"Zitronenhonig &#8211; \u00c4tna Vulkan &#8211; 250g"},"content":{"rendered":"<div class=\"et_pb_module et_pb_text et_pb_text_4 et_pb_text_align_left et_pb_bg_layout_light\">\n<div class=\"et_pb_text_inner\">\n<p class=\"p1\">Unser Honig ist einzigartig. Schon der Standort macht diesen Honig zu etwas Besonderem: der \u00c4tna, der aktivste Vulkan Europas. Der Lavaboden erm\u00f6glicht die Herstellung einzigartiger Lebensmittel, die nur am Fu\u00dfe des Vulkans zu finden sind. Der Honig ist eines der bekanntesten und am meisten gesch\u00e4tzten Produkte, das dank einer Bienenzucht erzeugt wird, die ihr Herzst\u00fcck in Zafferana Etnea hat, wo der Honig die Haupteinnahmequelle ist. Aus diesem Grund wird es auch \"das Gold des \u00c4tnas\" genannt.<\/p>\n<p class=\"p1\">Die Geschichte: 1920 beschloss ein einfacher Arbeiter in Zafferana Etnea, der sich besonders f\u00fcr Bienen und Honig interessierte, sein Leben der Imkerei zu widmen. Er machte seine Leidenschaft zu seinem Beruf. So entstanden die \"lapari\" (sizilianische Imker). Die Honigerzeugung war also nicht nur ein Hobby, sondern wurde zu einem echten Beruf, der auch heute noch durch Ausbildungskurse zug\u00e4nglich ist.<\/p>\n<\/div>\n<\/div>","protected":false},"excerpt":{"rendered":"<p class=\"p1\">Zitronenhonig<\/p>\n<p class=\"p1\">Menge: 250g<\/p>\n<p class=\"p1\">Wird in Sizilien nach traditionellen Methoden hergestellt.<\/p>\n<p class=\"p1\">Durch Zentrifugation extrahiert und der nat\u00fcrlichen Kristallisation ausgesetzt.<\/p>","protected":false},"featured_media":7599,"comment_status":"closed","ping_status":"closed","template":"","meta":[],"product_brand":[],"product_cat":[15,1631],"product_tag":[],"class_list":{"0":"post-7598","1":"product","2":"type-product","3":"status-publish","4":"has-post-thumbnail","6":"product_cat-all-products","7":"product_cat-cibo","8":"product_shipping_class-medium","10":"first","11":"outofstock","12":"shipping-taxable","13":"purchasable","14":"product-type-simple"},"yoast_head":"<!-- This site is optimized with the Yoast SEO plugin v26.9 - https:\/\/yoast.com\/product\/yoast-seo-wordpress\/ -->\n<title>Miele di limone - Etna Volcano - 250g - Addicted To Nature<\/title>\n<meta name=\"robots\" content=\"index, follow, max-snippet:-1, max-image-preview:large, max-video-preview:-1\" \/>\n<link rel=\"canonical\" href=\"https:\/\/addicted-to.com\/de\/product\/zitronenhonig-aetna-vulkan\/\" \/>\n<meta property=\"og:locale\" content=\"de_DE\" \/>\n<meta property=\"og:type\" content=\"article\" \/>\n<meta property=\"og:title\" content=\"Miele di limone - Etna Volcano - 250g - Addicted To Nature\" \/>\n<meta property=\"og:description\" content=\"Miele di limone Quantit\u00e0: 250g Prodotto in Sicilia con metodi tradizionali. Estratto per centrifuga ed esposto a cristallizzazione naturale.\" \/>\n<meta property=\"og:url\" content=\"https:\/\/addicted-to.com\/de\/product\/zitronenhonig-aetna-vulkan\/\" \/>\n<meta property=\"og:site_name\" content=\"Addicted To Nature\" \/>\n<meta property=\"article:publisher\" content=\"https:\/\/www.facebook.com\/addictedtoofficial\" \/>\n<meta property=\"article:modified_time\" content=\"2025-11-26T16:39:08+00:00\" \/>\n<meta property=\"og:image\" content=\"https:\/\/addicted-to.com\/wp-content\/uploads\/2020\/07\/lemon-honey-etna-volcano.jpg\" \/>\n\t<meta property=\"og:image:width\" content=\"1000\" \/>\n\t<meta property=\"og:image:height\" content=\"1000\" \/>\n\t<meta property=\"og:image:type\" content=\"image\/jpeg\" \/>\n<meta name=\"twitter:card\" content=\"summary_large_image\" \/>\n<meta name=\"twitter:site\" content=\"@addicted2bamboo\" \/>\n<meta name=\"twitter:label1\" content=\"Gesch\u00e4tzte Lesezeit\" \/>\n\t<meta name=\"twitter:data1\" content=\"1\u00a0Minute\" \/>\n<script type=\"application\/ld+json\" class=\"yoast-schema-graph\">{\"@context\":\"https:\/\/schema.org\",\"@graph\":[{\"@type\":\"WebPage\",\"@id\":\"https:\/\/addicted-to.com\/product\/miele-di-limone-etna-volcano-250g\/\",\"url\":\"https:\/\/addicted-to.com\/product\/miele-di-limone-etna-volcano-250g\/\",\"name\":\"Miele di limone - Etna Volcano - 250g - Addicted To Nature\",\"isPartOf\":{\"@id\":\"https:\/\/addicted-to.com\/it\/#website\"},\"primaryImageOfPage\":{\"@id\":\"https:\/\/addicted-to.com\/product\/miele-di-limone-etna-volcano-250g\/#primaryimage\"},\"image\":{\"@id\":\"https:\/\/addicted-to.com\/product\/miele-di-limone-etna-volcano-250g\/#primaryimage\"},\"thumbnailUrl\":\"https:\/\/addicted-to.com\/wp-content\/uploads\/2020\/07\/lemon-honey-etna-volcano.jpg\",\"datePublished\":\"2020-07-04T10:19:39+00:00\",\"dateModified\":\"2025-11-26T16:39:08+00:00\",\"breadcrumb\":{\"@id\":\"https:\/\/addicted-to.com\/product\/miele-di-limone-etna-volcano-250g\/#breadcrumb\"},\"inLanguage\":\"de\",\"potentialAction\":[{\"@type\":\"ReadAction\",\"target\":[\"https:\/\/addicted-to.com\/product\/miele-di-limone-etna-volcano-250g\/\"]}]},{\"@type\":\"ImageObject\",\"inLanguage\":\"de\",\"@id\":\"https:\/\/addicted-to.com\/product\/miele-di-limone-etna-volcano-250g\/#primaryimage\",\"url\":\"https:\/\/addicted-to.com\/wp-content\/uploads\/2020\/07\/lemon-honey-etna-volcano.jpg\",\"contentUrl\":\"https:\/\/addicted-to.com\/wp-content\/uploads\/2020\/07\/lemon-honey-etna-volcano.jpg\",\"width\":1000,\"height\":1000,\"caption\":\"honey-quotes-products\"},{\"@type\":\"BreadcrumbList\",\"@id\":\"https:\/\/addicted-to.com\/product\/miele-di-limone-etna-volcano-250g\/#breadcrumb\",\"itemListElement\":[{\"@type\":\"ListItem\",\"position\":1,\"name\":\"Startseite\",\"item\":\"https:\/\/addicted-to.com\/\"},{\"@type\":\"ListItem\",\"position\":2,\"name\":\"Produkte\",\"item\":\"https:\/\/addicted-to.com\/de\/shop-old__trashed\/\"},{\"@type\":\"ListItem\",\"position\":3,\"name\":\"Miele di limone &#8211; Etna Volcano &#8211; 250g\"}]},{\"@type\":\"WebSite\",\"@id\":\"https:\/\/addicted-to.com\/it\/#website\",\"url\":\"https:\/\/addicted-to.com\/it\/\",\"name\":\"Addicted To Nature\",\"description\":\"La community di chi vive, rispetta e custodisce la Natura\",\"publisher\":{\"@id\":\"https:\/\/addicted-to.com\/it\/#organization\"},\"potentialAction\":[{\"@type\":\"SearchAction\",\"target\":{\"@type\":\"EntryPoint\",\"urlTemplate\":\"https:\/\/addicted-to.com\/it\/?s={search_term_string}\"},\"query-input\":{\"@type\":\"PropertyValueSpecification\",\"valueRequired\":true,\"valueName\":\"search_term_string\"}}],\"inLanguage\":\"de\"},{\"@type\":\"Organization\",\"@id\":\"https:\/\/addicted-to.com\/it\/#organization\",\"name\":\"Addicted To Nature\",\"url\":\"https:\/\/addicted-to.com\/it\/\",\"logo\":{\"@type\":\"ImageObject\",\"inLanguage\":\"de\",\"@id\":\"https:\/\/addicted-to.com\/it\/#\/schema\/logo\/image\/\",\"url\":\"https:\/\/addicted-to.com\/wp-content\/uploads\/2024\/03\/ATN_marchio_positivo.svg\",\"contentUrl\":\"https:\/\/addicted-to.com\/wp-content\/uploads\/2024\/03\/ATN_marchio_positivo.svg\",\"width\":1000,\"height\":290,\"caption\":\"Addicted To Nature\"},\"image\":{\"@id\":\"https:\/\/addicted-to.com\/it\/#\/schema\/logo\/image\/\"},\"sameAs\":[\"https:\/\/www.facebook.com\/addictedtoofficial\",\"https:\/\/x.com\/addicted2bamboo\"]}]}<\/script>\n<!-- \/ Yoast SEO plugin. -->","yoast_head_json":{"title":"Zitronenhonig - \u00c4tna Vulkan - 250g - Addicted To Nature","robots":{"index":"index","follow":"follow","max-snippet":"max-snippet:-1","max-image-preview":"max-image-preview:large","max-video-preview":"max-video-preview:-1"},"canonical":"https:\/\/addicted-to.com\/de\/product\/zitronenhonig-aetna-vulkan\/","og_locale":"de_DE","og_type":"article","og_title":"Miele di limone - Etna Volcano - 250g - Addicted To Nature","og_description":"Miele di limone Quantit\u00e0: 250g Prodotto in Sicilia con metodi tradizionali. Estratto per centrifuga ed esposto a cristallizzazione naturale.","og_url":"https:\/\/addicted-to.com\/de\/product\/zitronenhonig-aetna-vulkan\/","og_site_name":"Addicted To Nature","article_publisher":"https:\/\/www.facebook.com\/addictedtoofficial","article_modified_time":"2025-11-26T16:39:08+00:00","og_image":[{"width":1000,"height":1000,"url":"https:\/\/addicted-to.com\/wp-content\/uploads\/2020\/07\/lemon-honey-etna-volcano.jpg","type":"image\/jpeg"}],"twitter_card":"summary_large_image","twitter_site":"@addicted2bamboo","twitter_misc":{"Gesch\u00e4tzte Lesezeit":"1\u00a0Minute"},"schema":{"@context":"https:\/\/schema.org","@graph":[{"@type":"WebPage","@id":"https:\/\/addicted-to.com\/product\/miele-di-limone-etna-volcano-250g\/","url":"https:\/\/addicted-to.com\/product\/miele-di-limone-etna-volcano-250g\/","name":"Zitronenhonig - \u00c4tna Vulkan - 250g - Addicted To Nature","isPartOf":{"@id":"https:\/\/addicted-to.com\/it\/#website"},"primaryImageOfPage":{"@id":"https:\/\/addicted-to.com\/product\/miele-di-limone-etna-volcano-250g\/#primaryimage"},"image":{"@id":"https:\/\/addicted-to.com\/product\/miele-di-limone-etna-volcano-250g\/#primaryimage"},"thumbnailUrl":"https:\/\/addicted-to.com\/wp-content\/uploads\/2020\/07\/lemon-honey-etna-volcano.jpg","datePublished":"2020-07-04T10:19:39+00:00","dateModified":"2025-11-26T16:39:08+00:00","breadcrumb":{"@id":"https:\/\/addicted-to.com\/product\/miele-di-limone-etna-volcano-250g\/#breadcrumb"},"inLanguage":"de","potentialAction":[{"@type":"ReadAction","target":["https:\/\/addicted-to.com\/product\/miele-di-limone-etna-volcano-250g\/"]}]},{"@type":"ImageObject","inLanguage":"de","@id":"https:\/\/addicted-to.com\/product\/miele-di-limone-etna-volcano-250g\/#primaryimage","url":"https:\/\/addicted-to.com\/wp-content\/uploads\/2020\/07\/lemon-honey-etna-volcano.jpg","contentUrl":"https:\/\/addicted-to.com\/wp-content\/uploads\/2020\/07\/lemon-honey-etna-volcano.jpg","width":1000,"height":1000,"caption":"honey-quotes-products"},{"@type":"BreadcrumbList","@id":"https:\/\/addicted-to.com\/product\/miele-di-limone-etna-volcano-250g\/#breadcrumb","itemListElement":[{"@type":"ListItem","position":1,"name":"Startseite","item":"https:\/\/addicted-to.com\/"},{"@type":"ListItem","position":2,"name":"Produkte","item":"https:\/\/addicted-to.com\/de\/shop-old__trashed\/"},{"@type":"ListItem","position":3,"name":"Miele di limone &#8211; Etna Volcano &#8211; 250g"}]},{"@type":"WebSite","@id":"https:\/\/addicted-to.com\/it\/#website","url":"https:\/\/addicted-to.com\/it\/","name":"Addicted To Nature","description":"Die Gemeinschaft der Menschen, die die Natur leben, achten und sch\u00fctzen.","publisher":{"@id":"https:\/\/addicted-to.com\/it\/#organization"},"potentialAction":[{"@type":"SearchAction","target":{"@type":"EntryPoint","urlTemplate":"https:\/\/addicted-to.com\/it\/?s={search_term_string}"},"query-input":{"@type":"PropertyValueSpecification","valueRequired":true,"valueName":"search_term_string"}}],"inLanguage":"de"},{"@type":"Organization","@id":"https:\/\/addicted-to.com\/it\/#organization","name":"Addicted To Nature","url":"https:\/\/addicted-to.com\/it\/","logo":{"@type":"ImageObject","inLanguage":"de","@id":"https:\/\/addicted-to.com\/it\/#\/schema\/logo\/image\/","url":"https:\/\/addicted-to.com\/wp-content\/uploads\/2024\/03\/ATN_marchio_positivo.svg","contentUrl":"https:\/\/addicted-to.com\/wp-content\/uploads\/2024\/03\/ATN_marchio_positivo.svg","width":1000,"height":290,"caption":"Addicted To Nature"},"image":{"@id":"https:\/\/addicted-to.com\/it\/#\/schema\/logo\/image\/"},"sameAs":["https:\/\/www.facebook.com\/addictedtoofficial","https:\/\/x.com\/addicted2bamboo"]}]}},"_links":{"self":[{"href":"https:\/\/addicted-to.com\/de\/wp-json\/wp\/v2\/product\/7598","targetHints":{"allow":["GET"]}}],"collection":[{"href":"https:\/\/addicted-to.com\/de\/wp-json\/wp\/v2\/product"}],"about":[{"href":"https:\/\/addicted-to.com\/de\/wp-json\/wp\/v2\/types\/product"}],"replies":[{"embeddable":true,"href":"https:\/\/addicted-to.com\/de\/wp-json\/wp\/v2\/comments?post=7598"}],"wp:featuredmedia":[{"embeddable":true,"href":"https:\/\/addicted-to.com\/de\/wp-json\/wp\/v2\/media\/7599"}],"wp:attachment":[{"href":"https:\/\/addicted-to.com\/de\/wp-json\/wp\/v2\/media?parent=7598"}],"wp:term":[{"taxonomy":"product_brand","embeddable":true,"href":"https:\/\/addicted-to.com\/de\/wp-json\/wp\/v2\/product_brand?post=7598"},{"taxonomy":"product_cat","embeddable":true,"href":"https:\/\/addicted-to.com\/de\/wp-json\/wp\/v2\/product_cat?post=7598"},{"taxonomy":"product_tag","embeddable":true,"href":"https:\/\/addicted-to.com\/de\/wp-json\/wp\/v2\/product_tag?post=7598"}],"curies":[{"name":"wp","href":"https:\/\/api.w.org\/{rel}","templated":true}]}}