{"id":8180,"date":"2020-10-03T09:39:38","date_gmt":"2020-10-03T09:39:38","guid":{"rendered":"https:\/\/addicted-to.com\/?post_type=product&#038;p=8180"},"modified":"2024-12-22T11:11:00","modified_gmt":"2024-12-22T11:11:00","slug":"festes-haarshampoo-melisse-100g","status":"publish","type":"product","link":"https:\/\/addicted-to.com\/de\/product\/festes-haarshampoo-melisse-100g\/","title":{"rendered":"Festes Haarshampoo &#8211; Melisse &#8211; 100g"},"content":{"rendered":"<dl class=\"btw-tab clearfix\">\n<dd>Ein festes Haarshampoo ist von den Inhaltsstoffen her mit einem fl\u00fcssigen Shampoo vergleichbar, dem das Wasser entzogen wurde. Es setzt sich aus reinigenden Substanzen, \u00d6len, Extrakten, Duft- und Farbstoffen zusammen. Die Rohstoffe werden gemischt, gepresst und anschlie\u00dfend geformt. Das feste Haarshampoo sch\u00e4umt wie ein fl\u00fcssiges Shampoo, ist aber viel preiswerter, und der pH-Wert unserer festen Haarshampoos ist dem der Haut angepasst. Unser festes Haarshampoo ist eine umweltfreundliche Alternative zu fl\u00fcssigen Shampoos und sehr effizient.<\/dd>\n<dd>&#8211;<\/dd>\n<dd><b>Was unsere Seifen so besonders macht:<\/b>\u00a0Unsere Seifen werden nach einem alten Familienrezept aus der \u00e4ltesten Seifenfabrik \u00d6sterreichs (1777) handgefertigt. Es werden nur hochwertige \u00d6le und Duftstoffe verwendet. Durch dieses schonende Herstellungsverfahren bleibt das bei der Verseifung entstehende nat\u00fcrliche Glycerin erhalten. Unsere Kaltverarbeitungsseifen zeichnen sich durch einen sanften, hautfreundlichen Seifenschaum aus. Au\u00dferdem sind unsere Seifen frei von Konservierungsstoffen.<\/dd>\n<dd>&#8211;<\/dd>\n<dd><strong>Wie zu verwenden:<\/strong> Reibe das St\u00fcck Shampoo mehrmals in das nasse Haar ein. Dann massiere den entstehenden Schaum ein und wie bei einem fl\u00fcssigen Shampoo auswaschen und fertig. Nun kannst du andere Haarpflegeprodukte wie gewohnt verwenden.<\/dd>\n<dd>&#8211;<\/dd>\n<dd><\/dd>\n<dd><\/dd>\n<dd><strong>Zutaten:<\/strong> Sodium Cocoyl Isethionate, Aqua, Glycerin, Parfum, Cocos Nucifera Oil, Inulin, Melissa Officinalis Leaf Extract, Hydrolyzed Wheat Protein, Guar Hydroxypropyltrimonium Chloride, Potassium Sorbate, Sodium Benzoate, Citric Acid, Citral, Geraniol, Limonene, C.I. 47005, C.I. 61570.<\/dd>\n<\/dl>","protected":false},"excerpt":{"rendered":"<p>Festes Haarshampoo: Melisse<\/p>\n<p>Menge: 100g<\/p>","protected":false},"featured_media":8178,"comment_status":"closed","ping_status":"closed","template":"","meta":[],"product_brand":[],"product_cat":[15,1673,1625],"product_tag":[],"class_list":{"0":"post-8180","1":"product","2":"type-product","3":"status-publish","4":"has-post-thumbnail","6":"product_cat-all-products","7":"product_cat-cosmetici","8":"product_cat-soaps","9":"product_shipping_class-small","11":"first","12":"instock","13":"shipping-taxable","14":"purchasable","15":"product-type-simple"},"yoast_head":"<!-- This site is optimized with the Yoast SEO plugin v26.9 - https:\/\/yoast.com\/product\/yoast-seo-wordpress\/ -->\n<title>Shampoo solido per capelli - Melissa - 100g - Addicted To Nature<\/title>\n<meta name=\"robots\" content=\"index, follow, max-snippet:-1, max-image-preview:large, max-video-preview:-1\" \/>\n<link rel=\"canonical\" href=\"https:\/\/addicted-to.com\/de\/product\/festes-haarshampoo-melisse-100g\/\" \/>\n<meta property=\"og:locale\" content=\"de_DE\" \/>\n<meta property=\"og:type\" content=\"article\" \/>\n<meta property=\"og:title\" content=\"Shampoo solido per capelli - Melissa - 100g - Addicted To Nature\" \/>\n<meta property=\"og:description\" content=\"Shampoo solido per capelli: Melissa  Quantit\u00e0: 100g\" \/>\n<meta property=\"og:url\" content=\"https:\/\/addicted-to.com\/de\/product\/festes-haarshampoo-melisse-100g\/\" \/>\n<meta property=\"og:site_name\" content=\"Addicted To Nature\" \/>\n<meta property=\"article:publisher\" content=\"https:\/\/www.facebook.com\/addictedtoofficial\" \/>\n<meta property=\"article:modified_time\" content=\"2024-12-22T11:11:00+00:00\" \/>\n<meta property=\"og:image\" content=\"https:\/\/addicted-to.com\/wp-content\/uploads\/2020\/10\/lemon-balm-hair-shampoo.jpg\" \/>\n\t<meta property=\"og:image:width\" content=\"1000\" \/>\n\t<meta property=\"og:image:height\" content=\"1000\" \/>\n\t<meta property=\"og:image:type\" content=\"image\/jpeg\" \/>\n<meta name=\"twitter:card\" content=\"summary_large_image\" \/>\n<meta name=\"twitter:site\" content=\"@addicted2bamboo\" \/>\n<meta name=\"twitter:label1\" content=\"Gesch\u00e4tzte Lesezeit\" \/>\n\t<meta name=\"twitter:data1\" content=\"2\u00a0Minuten\" \/>\n<script type=\"application\/ld+json\" class=\"yoast-schema-graph\">{\"@context\":\"https:\/\/schema.org\",\"@graph\":[{\"@type\":\"WebPage\",\"@id\":\"https:\/\/addicted-to.com\/product\/shampoo-solido-per-capelli-melissa-100g\/\",\"url\":\"https:\/\/addicted-to.com\/product\/shampoo-solido-per-capelli-melissa-100g\/\",\"name\":\"Shampoo solido per capelli - Melissa - 100g - Addicted To Nature\",\"isPartOf\":{\"@id\":\"https:\/\/addicted-to.com\/it\/#website\"},\"primaryImageOfPage\":{\"@id\":\"https:\/\/addicted-to.com\/product\/shampoo-solido-per-capelli-melissa-100g\/#primaryimage\"},\"image\":{\"@id\":\"https:\/\/addicted-to.com\/product\/shampoo-solido-per-capelli-melissa-100g\/#primaryimage\"},\"thumbnailUrl\":\"https:\/\/addicted-to.com\/wp-content\/uploads\/2020\/10\/lemon-balm-hair-shampoo.jpg\",\"datePublished\":\"2020-10-03T09:39:38+00:00\",\"dateModified\":\"2024-12-22T11:11:00+00:00\",\"breadcrumb\":{\"@id\":\"https:\/\/addicted-to.com\/product\/shampoo-solido-per-capelli-melissa-100g\/#breadcrumb\"},\"inLanguage\":\"de\",\"potentialAction\":[{\"@type\":\"ReadAction\",\"target\":[\"https:\/\/addicted-to.com\/product\/shampoo-solido-per-capelli-melissa-100g\/\"]}]},{\"@type\":\"ImageObject\",\"inLanguage\":\"de\",\"@id\":\"https:\/\/addicted-to.com\/product\/shampoo-solido-per-capelli-melissa-100g\/#primaryimage\",\"url\":\"https:\/\/addicted-to.com\/wp-content\/uploads\/2020\/10\/lemon-balm-hair-shampoo.jpg\",\"contentUrl\":\"https:\/\/addicted-to.com\/wp-content\/uploads\/2020\/10\/lemon-balm-hair-shampoo.jpg\",\"width\":1000,\"height\":1000,\"caption\":\"Eco-friendly Hair Shampoo\"},{\"@type\":\"BreadcrumbList\",\"@id\":\"https:\/\/addicted-to.com\/product\/shampoo-solido-per-capelli-melissa-100g\/#breadcrumb\",\"itemListElement\":[{\"@type\":\"ListItem\",\"position\":1,\"name\":\"Startseite\",\"item\":\"https:\/\/addicted-to.com\/\"},{\"@type\":\"ListItem\",\"position\":2,\"name\":\"Produkte\",\"item\":\"https:\/\/addicted-to.com\/de\/shop-old__trashed\/\"},{\"@type\":\"ListItem\",\"position\":3,\"name\":\"Shampoo solido per capelli &#8211; Melissa &#8211; 100g\"}]},{\"@type\":\"WebSite\",\"@id\":\"https:\/\/addicted-to.com\/it\/#website\",\"url\":\"https:\/\/addicted-to.com\/it\/\",\"name\":\"Addicted To Nature\",\"description\":\"La community di chi vive, rispetta e custodisce la Natura\",\"publisher\":{\"@id\":\"https:\/\/addicted-to.com\/it\/#organization\"},\"potentialAction\":[{\"@type\":\"SearchAction\",\"target\":{\"@type\":\"EntryPoint\",\"urlTemplate\":\"https:\/\/addicted-to.com\/it\/?s={search_term_string}\"},\"query-input\":{\"@type\":\"PropertyValueSpecification\",\"valueRequired\":true,\"valueName\":\"search_term_string\"}}],\"inLanguage\":\"de\"},{\"@type\":\"Organization\",\"@id\":\"https:\/\/addicted-to.com\/it\/#organization\",\"name\":\"Addicted To Nature\",\"url\":\"https:\/\/addicted-to.com\/it\/\",\"logo\":{\"@type\":\"ImageObject\",\"inLanguage\":\"de\",\"@id\":\"https:\/\/addicted-to.com\/it\/#\/schema\/logo\/image\/\",\"url\":\"https:\/\/addicted-to.com\/wp-content\/uploads\/2024\/03\/ATN_marchio_positivo.svg\",\"contentUrl\":\"https:\/\/addicted-to.com\/wp-content\/uploads\/2024\/03\/ATN_marchio_positivo.svg\",\"width\":1000,\"height\":290,\"caption\":\"Addicted To Nature\"},\"image\":{\"@id\":\"https:\/\/addicted-to.com\/it\/#\/schema\/logo\/image\/\"},\"sameAs\":[\"https:\/\/www.facebook.com\/addictedtoofficial\",\"https:\/\/x.com\/addicted2bamboo\"]}]}<\/script>\n<!-- \/ Yoast SEO plugin. -->","yoast_head_json":{"title":"Festes Haarshampoo - Melisse - 100g - Addicted To Nature","robots":{"index":"index","follow":"follow","max-snippet":"max-snippet:-1","max-image-preview":"max-image-preview:large","max-video-preview":"max-video-preview:-1"},"canonical":"https:\/\/addicted-to.com\/de\/product\/festes-haarshampoo-melisse-100g\/","og_locale":"de_DE","og_type":"article","og_title":"Shampoo solido per capelli - Melissa - 100g - Addicted To Nature","og_description":"Shampoo solido per capelli: Melissa  Quantit\u00e0: 100g","og_url":"https:\/\/addicted-to.com\/de\/product\/festes-haarshampoo-melisse-100g\/","og_site_name":"Addicted To Nature","article_publisher":"https:\/\/www.facebook.com\/addictedtoofficial","article_modified_time":"2024-12-22T11:11:00+00:00","og_image":[{"width":1000,"height":1000,"url":"https:\/\/addicted-to.com\/wp-content\/uploads\/2020\/10\/lemon-balm-hair-shampoo.jpg","type":"image\/jpeg"}],"twitter_card":"summary_large_image","twitter_site":"@addicted2bamboo","twitter_misc":{"Gesch\u00e4tzte Lesezeit":"2\u00a0Minuten"},"schema":{"@context":"https:\/\/schema.org","@graph":[{"@type":"WebPage","@id":"https:\/\/addicted-to.com\/product\/shampoo-solido-per-capelli-melissa-100g\/","url":"https:\/\/addicted-to.com\/product\/shampoo-solido-per-capelli-melissa-100g\/","name":"Festes Haarshampoo - Melisse - 100g - Addicted To Nature","isPartOf":{"@id":"https:\/\/addicted-to.com\/it\/#website"},"primaryImageOfPage":{"@id":"https:\/\/addicted-to.com\/product\/shampoo-solido-per-capelli-melissa-100g\/#primaryimage"},"image":{"@id":"https:\/\/addicted-to.com\/product\/shampoo-solido-per-capelli-melissa-100g\/#primaryimage"},"thumbnailUrl":"https:\/\/addicted-to.com\/wp-content\/uploads\/2020\/10\/lemon-balm-hair-shampoo.jpg","datePublished":"2020-10-03T09:39:38+00:00","dateModified":"2024-12-22T11:11:00+00:00","breadcrumb":{"@id":"https:\/\/addicted-to.com\/product\/shampoo-solido-per-capelli-melissa-100g\/#breadcrumb"},"inLanguage":"de","potentialAction":[{"@type":"ReadAction","target":["https:\/\/addicted-to.com\/product\/shampoo-solido-per-capelli-melissa-100g\/"]}]},{"@type":"ImageObject","inLanguage":"de","@id":"https:\/\/addicted-to.com\/product\/shampoo-solido-per-capelli-melissa-100g\/#primaryimage","url":"https:\/\/addicted-to.com\/wp-content\/uploads\/2020\/10\/lemon-balm-hair-shampoo.jpg","contentUrl":"https:\/\/addicted-to.com\/wp-content\/uploads\/2020\/10\/lemon-balm-hair-shampoo.jpg","width":1000,"height":1000,"caption":"Eco-friendly Hair Shampoo"},{"@type":"BreadcrumbList","@id":"https:\/\/addicted-to.com\/product\/shampoo-solido-per-capelli-melissa-100g\/#breadcrumb","itemListElement":[{"@type":"ListItem","position":1,"name":"Startseite","item":"https:\/\/addicted-to.com\/"},{"@type":"ListItem","position":2,"name":"Produkte","item":"https:\/\/addicted-to.com\/de\/shop-old__trashed\/"},{"@type":"ListItem","position":3,"name":"Shampoo solido per capelli &#8211; Melissa &#8211; 100g"}]},{"@type":"WebSite","@id":"https:\/\/addicted-to.com\/it\/#website","url":"https:\/\/addicted-to.com\/it\/","name":"Addicted To Nature","description":"Die Gemeinschaft der Menschen, die die Natur leben, achten und sch\u00fctzen.","publisher":{"@id":"https:\/\/addicted-to.com\/it\/#organization"},"potentialAction":[{"@type":"SearchAction","target":{"@type":"EntryPoint","urlTemplate":"https:\/\/addicted-to.com\/it\/?s={search_term_string}"},"query-input":{"@type":"PropertyValueSpecification","valueRequired":true,"valueName":"search_term_string"}}],"inLanguage":"de"},{"@type":"Organization","@id":"https:\/\/addicted-to.com\/it\/#organization","name":"Addicted To Nature","url":"https:\/\/addicted-to.com\/it\/","logo":{"@type":"ImageObject","inLanguage":"de","@id":"https:\/\/addicted-to.com\/it\/#\/schema\/logo\/image\/","url":"https:\/\/addicted-to.com\/wp-content\/uploads\/2024\/03\/ATN_marchio_positivo.svg","contentUrl":"https:\/\/addicted-to.com\/wp-content\/uploads\/2024\/03\/ATN_marchio_positivo.svg","width":1000,"height":290,"caption":"Addicted To Nature"},"image":{"@id":"https:\/\/addicted-to.com\/it\/#\/schema\/logo\/image\/"},"sameAs":["https:\/\/www.facebook.com\/addictedtoofficial","https:\/\/x.com\/addicted2bamboo"]}]}},"_links":{"self":[{"href":"https:\/\/addicted-to.com\/de\/wp-json\/wp\/v2\/product\/8180","targetHints":{"allow":["GET"]}}],"collection":[{"href":"https:\/\/addicted-to.com\/de\/wp-json\/wp\/v2\/product"}],"about":[{"href":"https:\/\/addicted-to.com\/de\/wp-json\/wp\/v2\/types\/product"}],"replies":[{"embeddable":true,"href":"https:\/\/addicted-to.com\/de\/wp-json\/wp\/v2\/comments?post=8180"}],"wp:featuredmedia":[{"embeddable":true,"href":"https:\/\/addicted-to.com\/de\/wp-json\/wp\/v2\/media\/8178"}],"wp:attachment":[{"href":"https:\/\/addicted-to.com\/de\/wp-json\/wp\/v2\/media?parent=8180"}],"wp:term":[{"taxonomy":"product_brand","embeddable":true,"href":"https:\/\/addicted-to.com\/de\/wp-json\/wp\/v2\/product_brand?post=8180"},{"taxonomy":"product_cat","embeddable":true,"href":"https:\/\/addicted-to.com\/de\/wp-json\/wp\/v2\/product_cat?post=8180"},{"taxonomy":"product_tag","embeddable":true,"href":"https:\/\/addicted-to.com\/de\/wp-json\/wp\/v2\/product_tag?post=8180"}],"curies":[{"name":"wp","href":"https:\/\/api.w.org\/{rel}","templated":true}]}}