{"id":7382,"date":"2020-06-22T09:30:40","date_gmt":"2020-06-22T09:30:40","guid":{"rendered":"https:\/\/addicted-to.com\/?post_type=product&#038;p=7382"},"modified":"2025-06-29T14:08:03","modified_gmt":"2025-06-29T14:08:03","slug":"sapone-al-carbone-attivo-100-g","status":"publish","type":"product","link":"https:\/\/addicted-to.com\/en\/product\/sapone-al-carbone-attivo-100-g\/","title":{"rendered":"Activated charcoal soap &#8211; 100 g"},"content":{"rendered":"<div class=\"et_pb_module et_pb_text et_pb_text_4 et_pb_text_align_left et_pb_bg_layout_light\">\n<div class=\"et_pb_text_inner\">\n<p class=\"p1\"><b>What makes our soaps so special:<\/b>\u00a0Our soaps are handmade according to an old family recipe from the oldest soap factory in Austria (1777). Only high quality oils and fragrances are used. This gentle production process preserves the natural glycerine produced during saponification. Our cold-process soaps are characterised by gentle, skin-friendly soap lather. Furthermore, our soaps are preservative-free.<\/p>\n<\/div>\n<\/div>\n<p><strong>Ingredients:<\/strong> Sodium\/potassium cocoate (saponified coconut oil), sodium\/potassium olivate (saponified olive oil), water, charcoal powder (activated carbon), glycerine, Butyrospermum Parkii butter (shea butter), Prunus Amygdalus Dulcis oil (almond oil).<\/p>","protected":false},"excerpt":{"rendered":"<p>Natural charcoal, incorporated in a pure vegetable soap made from coconut and olive oil, enriched with precious shea butter and almond oil, cleanses and cares for the demanding skin of the face.<\/p>\n<p>The perfect soap for oily skin prone to impurities.<\/p>\n<p>Our charcoal soap thoroughly cleanses the pores \u2013 activated charcoal absorbs excess oil, sebum deposits and impurities that cause skin irritation \u2013 and provides long-lasting care thanks to almond oil and shea butter.<\/p>\n<p>Handmade, palm oil-free, fragrance-free<\/p>\n<p>Face and body soap with activated charcoal for daily skin cleansing<\/p>\n<p>Quantity: 100g<\/p>","protected":false},"featured_media":8064,"comment_status":"closed","ping_status":"closed","template":"","meta":[],"product_brand":[],"product_cat":[15,1673,1625],"product_tag":[],"class_list":{"0":"post-7382","1":"product","2":"type-product","3":"status-publish","4":"has-post-thumbnail","6":"product_cat-all-products","7":"product_cat-cosmetici","8":"product_cat-soaps","9":"product_shipping_class-small","11":"first","12":"outofstock","13":"shipping-taxable","14":"purchasable","15":"product-type-simple"},"yoast_head":"<!-- This site is optimized with the Yoast SEO plugin v26.9 - https:\/\/yoast.com\/product\/yoast-seo-wordpress\/ -->\n<title>Sapone al carbone attivo - 100 g - Addicted To Nature<\/title>\n<meta name=\"robots\" content=\"index, follow, max-snippet:-1, max-image-preview:large, max-video-preview:-1\" \/>\n<link rel=\"canonical\" href=\"https:\/\/addicted-to.com\/en\/product\/sapone-al-carbone-attivo-100-g\/\" \/>\n<meta property=\"og:locale\" content=\"en_GB\" \/>\n<meta property=\"og:type\" content=\"article\" \/>\n<meta property=\"og:title\" content=\"Sapone al carbone attivo - 100 g - Addicted To Nature\" \/>\n<meta property=\"og:description\" content=\"Il carbone vegetale naturale, incorporato in un puro sapone vegetale a base di olio di cocco e di oliva, arricchito con il prezioso burro di karit\u00e9 e l&#039;olio di mandorle, pulisce e cura la pelle esigente del viso.  Il sapone perfetto per la pelle grassa che tende alle impurit\u00e0.  Il nostro sapone al carbone pulisce in profondit\u00e0 i pori - il carbone attivo assorbe gli oli in eccesso, i depositi di sebo e le impurit\u00e0 che causano l&#039;irritazione della pelle - e fornisce una cura duratura grazie all&#039;olio di mandorle e al burro di karit\u00e9.  Fatto a mano, senza olio di palma, senza profumi  Sapone per il viso e corpo con carbone attivo, per la pulizia quotidiana della pelle  Quantit\u00e0: 100g\" \/>\n<meta property=\"og:url\" content=\"https:\/\/addicted-to.com\/en\/product\/sapone-al-carbone-attivo-100-g\/\" \/>\n<meta property=\"og:site_name\" content=\"Addicted To Nature\" \/>\n<meta property=\"article:publisher\" content=\"https:\/\/www.facebook.com\/addictedtoofficial\" \/>\n<meta property=\"article:modified_time\" content=\"2025-06-29T14:08:03+00:00\" \/>\n<meta property=\"og:image\" content=\"https:\/\/addicted-to.com\/wp-content\/uploads\/2020\/06\/handmade-charcoal-soap-1.jpg\" \/>\n\t<meta property=\"og:image:width\" content=\"1000\" \/>\n\t<meta property=\"og:image:height\" content=\"1000\" \/>\n\t<meta property=\"og:image:type\" content=\"image\/jpeg\" \/>\n<meta name=\"twitter:card\" content=\"summary_large_image\" \/>\n<meta name=\"twitter:site\" content=\"@addicted2bamboo\" \/>\n<meta name=\"twitter:label1\" content=\"Estimated reading time\" \/>\n\t<meta name=\"twitter:data1\" content=\"1 minute\" \/>\n<script type=\"application\/ld+json\" class=\"yoast-schema-graph\">{\"@context\":\"https:\/\/schema.org\",\"@graph\":[{\"@type\":\"WebPage\",\"@id\":\"https:\/\/addicted-to.com\/product\/sapone-al-carbone-attivo-100-g\/\",\"url\":\"https:\/\/addicted-to.com\/product\/sapone-al-carbone-attivo-100-g\/\",\"name\":\"Sapone al carbone attivo - 100 g - Addicted To Nature\",\"isPartOf\":{\"@id\":\"https:\/\/addicted-to.com\/it\/#website\"},\"primaryImageOfPage\":{\"@id\":\"https:\/\/addicted-to.com\/product\/sapone-al-carbone-attivo-100-g\/#primaryimage\"},\"image\":{\"@id\":\"https:\/\/addicted-to.com\/product\/sapone-al-carbone-attivo-100-g\/#primaryimage\"},\"thumbnailUrl\":\"https:\/\/addicted-to.com\/wp-content\/uploads\/2020\/06\/handmade-charcoal-soap-1.jpg\",\"datePublished\":\"2020-06-22T09:30:40+00:00\",\"dateModified\":\"2025-06-29T14:08:03+00:00\",\"breadcrumb\":{\"@id\":\"https:\/\/addicted-to.com\/product\/sapone-al-carbone-attivo-100-g\/#breadcrumb\"},\"inLanguage\":\"en-GB\",\"potentialAction\":[{\"@type\":\"ReadAction\",\"target\":[\"https:\/\/addicted-to.com\/product\/sapone-al-carbone-attivo-100-g\/\"]}]},{\"@type\":\"ImageObject\",\"inLanguage\":\"en-GB\",\"@id\":\"https:\/\/addicted-to.com\/product\/sapone-al-carbone-attivo-100-g\/#primaryimage\",\"url\":\"https:\/\/addicted-to.com\/wp-content\/uploads\/2020\/06\/handmade-charcoal-soap-1.jpg\",\"contentUrl\":\"https:\/\/addicted-to.com\/wp-content\/uploads\/2020\/06\/handmade-charcoal-soap-1.jpg\",\"width\":1000,\"height\":1000,\"caption\":\"High quality charcoal soap from Austria\"},{\"@type\":\"BreadcrumbList\",\"@id\":\"https:\/\/addicted-to.com\/product\/sapone-al-carbone-attivo-100-g\/#breadcrumb\",\"itemListElement\":[{\"@type\":\"ListItem\",\"position\":1,\"name\":\"Startseite\",\"item\":\"https:\/\/addicted-to.com\/\"},{\"@type\":\"ListItem\",\"position\":2,\"name\":\"Produkte\",\"item\":\"https:\/\/addicted-to.com\/de\/shop-old__trashed\/\"},{\"@type\":\"ListItem\",\"position\":3,\"name\":\"Sapone al carbone attivo &#8211; 100 g\"}]},{\"@type\":\"WebSite\",\"@id\":\"https:\/\/addicted-to.com\/it\/#website\",\"url\":\"https:\/\/addicted-to.com\/it\/\",\"name\":\"Addicted To Nature\",\"description\":\"La community di chi vive, rispetta e custodisce la Natura\",\"publisher\":{\"@id\":\"https:\/\/addicted-to.com\/it\/#organization\"},\"potentialAction\":[{\"@type\":\"SearchAction\",\"target\":{\"@type\":\"EntryPoint\",\"urlTemplate\":\"https:\/\/addicted-to.com\/it\/?s={search_term_string}\"},\"query-input\":{\"@type\":\"PropertyValueSpecification\",\"valueRequired\":true,\"valueName\":\"search_term_string\"}}],\"inLanguage\":\"en-GB\"},{\"@type\":\"Organization\",\"@id\":\"https:\/\/addicted-to.com\/it\/#organization\",\"name\":\"Addicted To Nature\",\"url\":\"https:\/\/addicted-to.com\/it\/\",\"logo\":{\"@type\":\"ImageObject\",\"inLanguage\":\"en-GB\",\"@id\":\"https:\/\/addicted-to.com\/it\/#\/schema\/logo\/image\/\",\"url\":\"https:\/\/addicted-to.com\/wp-content\/uploads\/2024\/03\/ATN_marchio_positivo.svg\",\"contentUrl\":\"https:\/\/addicted-to.com\/wp-content\/uploads\/2024\/03\/ATN_marchio_positivo.svg\",\"width\":1000,\"height\":290,\"caption\":\"Addicted To Nature\"},\"image\":{\"@id\":\"https:\/\/addicted-to.com\/it\/#\/schema\/logo\/image\/\"},\"sameAs\":[\"https:\/\/www.facebook.com\/addictedtoofficial\",\"https:\/\/x.com\/addicted2bamboo\"]}]}<\/script>\n<!-- \/ Yoast SEO plugin. -->","yoast_head_json":{"title":"Activated charcoal soap - 100 g - Addicted To Nature","robots":{"index":"index","follow":"follow","max-snippet":"max-snippet:-1","max-image-preview":"max-image-preview:large","max-video-preview":"max-video-preview:-1"},"canonical":"https:\/\/addicted-to.com\/en\/product\/sapone-al-carbone-attivo-100-g\/","og_locale":"en_GB","og_type":"article","og_title":"Sapone al carbone attivo - 100 g - Addicted To Nature","og_description":"Il carbone vegetale naturale, incorporato in un puro sapone vegetale a base di olio di cocco e di oliva, arricchito con il prezioso burro di karit\u00e9 e l'olio di mandorle, pulisce e cura la pelle esigente del viso.  Il sapone perfetto per la pelle grassa che tende alle impurit\u00e0.  Il nostro sapone al carbone pulisce in profondit\u00e0 i pori - il carbone attivo assorbe gli oli in eccesso, i depositi di sebo e le impurit\u00e0 che causano l'irritazione della pelle - e fornisce una cura duratura grazie all'olio di mandorle e al burro di karit\u00e9.  Fatto a mano, senza olio di palma, senza profumi  Sapone per il viso e corpo con carbone attivo, per la pulizia quotidiana della pelle  Quantit\u00e0: 100g","og_url":"https:\/\/addicted-to.com\/en\/product\/sapone-al-carbone-attivo-100-g\/","og_site_name":"Addicted To Nature","article_publisher":"https:\/\/www.facebook.com\/addictedtoofficial","article_modified_time":"2025-06-29T14:08:03+00:00","og_image":[{"width":1000,"height":1000,"url":"https:\/\/addicted-to.com\/wp-content\/uploads\/2020\/06\/handmade-charcoal-soap-1.jpg","type":"image\/jpeg"}],"twitter_card":"summary_large_image","twitter_site":"@addicted2bamboo","twitter_misc":{"Estimated reading time":"1 minute"},"schema":{"@context":"https:\/\/schema.org","@graph":[{"@type":"WebPage","@id":"https:\/\/addicted-to.com\/product\/sapone-al-carbone-attivo-100-g\/","url":"https:\/\/addicted-to.com\/product\/sapone-al-carbone-attivo-100-g\/","name":"Activated charcoal soap - 100 g - Addicted To Nature","isPartOf":{"@id":"https:\/\/addicted-to.com\/it\/#website"},"primaryImageOfPage":{"@id":"https:\/\/addicted-to.com\/product\/sapone-al-carbone-attivo-100-g\/#primaryimage"},"image":{"@id":"https:\/\/addicted-to.com\/product\/sapone-al-carbone-attivo-100-g\/#primaryimage"},"thumbnailUrl":"https:\/\/addicted-to.com\/wp-content\/uploads\/2020\/06\/handmade-charcoal-soap-1.jpg","datePublished":"2020-06-22T09:30:40+00:00","dateModified":"2025-06-29T14:08:03+00:00","breadcrumb":{"@id":"https:\/\/addicted-to.com\/product\/sapone-al-carbone-attivo-100-g\/#breadcrumb"},"inLanguage":"en-GB","potentialAction":[{"@type":"ReadAction","target":["https:\/\/addicted-to.com\/product\/sapone-al-carbone-attivo-100-g\/"]}]},{"@type":"ImageObject","inLanguage":"en-GB","@id":"https:\/\/addicted-to.com\/product\/sapone-al-carbone-attivo-100-g\/#primaryimage","url":"https:\/\/addicted-to.com\/wp-content\/uploads\/2020\/06\/handmade-charcoal-soap-1.jpg","contentUrl":"https:\/\/addicted-to.com\/wp-content\/uploads\/2020\/06\/handmade-charcoal-soap-1.jpg","width":1000,"height":1000,"caption":"High quality charcoal soap from Austria"},{"@type":"BreadcrumbList","@id":"https:\/\/addicted-to.com\/product\/sapone-al-carbone-attivo-100-g\/#breadcrumb","itemListElement":[{"@type":"ListItem","position":1,"name":"Startseite","item":"https:\/\/addicted-to.com\/"},{"@type":"ListItem","position":2,"name":"Produkte","item":"https:\/\/addicted-to.com\/de\/shop-old__trashed\/"},{"@type":"ListItem","position":3,"name":"Sapone al carbone attivo &#8211; 100 g"}]},{"@type":"WebSite","@id":"https:\/\/addicted-to.com\/it\/#website","url":"https:\/\/addicted-to.com\/it\/","name":"Addicted To Nature","description":"The community of those who live, respect and care for Nature","publisher":{"@id":"https:\/\/addicted-to.com\/it\/#organization"},"potentialAction":[{"@type":"SearchAction","target":{"@type":"EntryPoint","urlTemplate":"https:\/\/addicted-to.com\/it\/?s={search_term_string}"},"query-input":{"@type":"PropertyValueSpecification","valueRequired":true,"valueName":"search_term_string"}}],"inLanguage":"en-GB"},{"@type":"Organization","@id":"https:\/\/addicted-to.com\/it\/#organization","name":"Addicted To Nature","url":"https:\/\/addicted-to.com\/it\/","logo":{"@type":"ImageObject","inLanguage":"en-GB","@id":"https:\/\/addicted-to.com\/it\/#\/schema\/logo\/image\/","url":"https:\/\/addicted-to.com\/wp-content\/uploads\/2024\/03\/ATN_marchio_positivo.svg","contentUrl":"https:\/\/addicted-to.com\/wp-content\/uploads\/2024\/03\/ATN_marchio_positivo.svg","width":1000,"height":290,"caption":"Addicted To Nature"},"image":{"@id":"https:\/\/addicted-to.com\/it\/#\/schema\/logo\/image\/"},"sameAs":["https:\/\/www.facebook.com\/addictedtoofficial","https:\/\/x.com\/addicted2bamboo"]}]}},"_links":{"self":[{"href":"https:\/\/addicted-to.com\/en\/wp-json\/wp\/v2\/product\/7382","targetHints":{"allow":["GET"]}}],"collection":[{"href":"https:\/\/addicted-to.com\/en\/wp-json\/wp\/v2\/product"}],"about":[{"href":"https:\/\/addicted-to.com\/en\/wp-json\/wp\/v2\/types\/product"}],"replies":[{"embeddable":true,"href":"https:\/\/addicted-to.com\/en\/wp-json\/wp\/v2\/comments?post=7382"}],"wp:featuredmedia":[{"embeddable":true,"href":"https:\/\/addicted-to.com\/en\/wp-json\/wp\/v2\/media\/8064"}],"wp:attachment":[{"href":"https:\/\/addicted-to.com\/en\/wp-json\/wp\/v2\/media?parent=7382"}],"wp:term":[{"taxonomy":"product_brand","embeddable":true,"href":"https:\/\/addicted-to.com\/en\/wp-json\/wp\/v2\/product_brand?post=7382"},{"taxonomy":"product_cat","embeddable":true,"href":"https:\/\/addicted-to.com\/en\/wp-json\/wp\/v2\/product_cat?post=7382"},{"taxonomy":"product_tag","embeddable":true,"href":"https:\/\/addicted-to.com\/en\/wp-json\/wp\/v2\/product_tag?post=7382"}],"curies":[{"name":"wp","href":"https:\/\/api.w.org\/{rel}","templated":true}]}}